{"id":108,"date":"2023-11-14T11:02:38","date_gmt":"2023-11-14T10:02:38","guid":{"rendered":"https:\/\/tjurhane.com\/?page_id=108"},"modified":"2026-03-04T20:05:03","modified_gmt":"2026-03-04T19:05:03","slug":"la-breve-histoire-de-tjurhane","status":"publish","type":"page","link":"https:\/\/tjurhane.com\/index.php\/la-breve-histoire-de-tjurhane\/","title":{"rendered":"La br\u00e8ve histoire de Tjurhane"},"content":{"rendered":"\n<p>Il y a 22 mill\u00e9naires, les forces de K\u00e4rshn\u00f6rd furent \u00e9vinc\u00e9es au plus profond du volcan par la Grande Alliance du premier \u00c2ge. Une \u00e8re de paix et d&rsquo;abondance s&rsquo;installa, o\u00f9 les royaumes de l&rsquo;Alliance prosp\u00e9r\u00e8rent, et les mages ainsi que les alchimistes \u0153uvr\u00e8rent au d\u00e9veloppement et \u00e0 la protection de la vie sur M\u00ebiva.<\/p>\n\n\n\n<p>Cependant, il y a 500 ans, Khanos, le plus puissant des mages, d\u00e9cida que les humains n&rsquo;avaient plus leur place sur M\u00ebiva. Il lan\u00e7a une mal\u00e9diction, r\u00e9pandit la glace, la neige, la famine, puis lib\u00e9ra les forces du mal emprisonn\u00e9es au volcan. L&rsquo;Alliance se dressa \u00e0 nouveau, livrant de nombreuses batailles au prix d&rsquo;innombrables vies. Au d\u00e9but, les victoires furent nombreuses, mais avec le temps, M\u00ebiva devint un v\u00e9ritable enfer, marqu\u00e9 par des \u00e9checs et des d\u00e9faites successives.<\/p>\n\n\n\n<p>Bien des ann\u00e9es plus tard, l&rsquo;Alliance n&rsquo;existait plus, les forces du mal s&rsquo;\u00e9taient r\u00e9pandues sur le monde, et les royaumes s&rsquo;effondr\u00e8rent. Seule subsista la vieille capitale Or-Azur, dernier rempart des peuples libres. Les tours \u00e9rig\u00e9es par les mages et alchimistes r\u00e9sistants repoussaient les t\u00e9n\u00e8bres, mais la cit\u00e9 ne poss\u00e9dait plus de d\u00e9fenses, et ses habitants vivaient dans la crainte constante, ignorant le monde ext\u00e9rieur. Le d\u00e9sespoir r\u00e9gnait, et le monde semblait condamn\u00e9.<\/p>\n\n\n\n<p>Cependant, une nuit d&rsquo;hiver glacial, un murmure parcourut les rues, \u00e9voluant en rumeur, puis en certitude : la vieille Alliance aurait dissimul\u00e9 un cristal capable de changer le destin de M\u00ebiva, autant en bien qu&rsquo;en mal. Un espoir naquit, incitant les peuples \u00e0 quitter la cit\u00e9 pour la premi\u00e8re fois en des temps imm\u00e9moriaux. Des communaut\u00e9s se form\u00e8rent, des villages \u00e9merg\u00e8rent, des individus choisirent des voies diverses, certains devenant des brigands, d&rsquo;autres des ermites. Une nouvelle \u00e8re d\u00e9butait, et la proph\u00e9tie \u00e9tait sur le point de s&rsquo;accomplir.<\/p>\n","protected":false},"excerpt":{"rendered":"<p>Il y a 22 mill\u00e9naires, les forces de K\u00e4rshn\u00f6rd furent \u00e9vinc\u00e9es au plus profond du volcan par la Grande Alliance du premier \u00c2ge. Une \u00e8re de paix et d&rsquo;abondance s&rsquo;installa, o\u00f9 les royaumes de l&rsquo;Alliance prosp\u00e9r\u00e8rent, et les mages ainsi que les alchimistes \u0153uvr\u00e8rent au d\u00e9veloppement et \u00e0 la protection de la vie sur M\u00ebiva. [&hellip;]<\/p>\n","protected":false},"author":1,"featured_media":0,"parent":0,"menu_order":0,"comment_status":"closed","ping_status":"closed","template":"","meta":{"vkexunit_cta_each_option":"","footnotes":""},"class_list":["post-108","page","type-page","status-publish","hentry"],"_links":{"self":[{"href":"https:\/\/tjurhane.com\/index.php\/wp-json\/wp\/v2\/pages\/108","targetHints":{"allow":["GET"]}}],"collection":[{"href":"https:\/\/tjurhane.com\/index.php\/wp-json\/wp\/v2\/pages"}],"about":[{"href":"https:\/\/tjurhane.com\/index.php\/wp-json\/wp\/v2\/types\/page"}],"author":[{"embeddable":true,"href":"https:\/\/tjurhane.com\/index.php\/wp-json\/wp\/v2\/users\/1"}],"replies":[{"embeddable":true,"href":"https:\/\/tjurhane.com\/index.php\/wp-json\/wp\/v2\/comments?post=108"}],"version-history":[{"count":2,"href":"https:\/\/tjurhane.com\/index.php\/wp-json\/wp\/v2\/pages\/108\/revisions"}],"predecessor-version":[{"id":780,"href":"https:\/\/tjurhane.com\/index.php\/wp-json\/wp\/v2\/pages\/108\/revisions\/780"}],"wp:attachment":[{"href":"https:\/\/tjurhane.com\/index.php\/wp-json\/wp\/v2\/media?parent=108"}],"curies":[{"name":"wp","href":"https:\/\/api.w.org\/{rel}","templated":true}]}}