{"id":197,"date":"2023-11-14T22:58:29","date_gmt":"2023-11-14T21:58:29","guid":{"rendered":"https:\/\/tjurhane.com\/?page_id=197"},"modified":"2024-01-08T00:30:02","modified_gmt":"2024-01-07T23:30:02","slug":"lencyclopedie-raciale","status":"publish","type":"page","link":"https:\/\/tjurhane.com\/index.php\/lencyclopedie-raciale\/","title":{"rendered":"L&rsquo;encyclop\u00e9die raciale"},"content":{"rendered":"\n<p>Tjurhane est un univers qui offre une grande vari\u00e9t\u00e9 de race cr\u00e9\u00e9e par le MJ Reylih-Sama, ainsi que les joueurs qui peuvent interagir avec l&rsquo;univers sur les demandes du MJ, qui valide ou non les propositions de ses joueurs.<\/p>\n\n\n\n<p>Les races ayant une * apr\u00e8s leur nom sous jouable sous condition \u00e0 voir avec le MJ<\/p>\n\n\n\n<div class=\"wp-block-cover alignfull has-parallax\" style=\"padding-top:0px;padding-right:0px;padding-bottom:0px;padding-left:0px;min-height:250px;aspect-ratio:unset;\"><span aria-hidden=\"true\" class=\"wp-block-cover__background has-bg-primary-background-color has-background-dim-90 has-background-dim\"><\/span><div role=\"img\" class=\"wp-block-cover__image-background wp-image-516 has-parallax\" style=\"background-position:50% 50%;background-image:url(https:\/\/tjurhane.com\/wp-content\/uploads\/2023\/12\/Lencyclopedie-Raciale-2.png)\"><\/div><div class=\"wp-block-cover__inner-container is-layout-flow wp-block-cover-is-layout-flow\">\n<div style=\"height:62px\" aria-hidden=\"true\" class=\"wp-block-spacer is-style-spacer-lg\"><\/div>\n\n\n\n<div class=\"wp-block-group is-layout-constrained wp-block-group-is-layout-constrained\">\n<div class=\"wp-block-columns has-text-normal-color has-text-color is-layout-flex wp-container-core-columns-is-layout-f0342b05 wp-block-columns-is-layout-flex\" style=\"margin-top:0;margin-bottom:0\">\n<div class=\"wp-block-column is-layout-flow wp-block-column-is-layout-flow\">\n<figure class=\"wp-block-image size-full has-custom-border\"><img loading=\"lazy\" decoding=\"async\" width=\"1792\" height=\"1024\" src=\"https:\/\/tjurhane.com\/wp-content\/uploads\/2023\/12\/Les-Humains.png\" alt=\"\" class=\"has-border-color has-border-normal-border-color wp-image-490\" style=\"border-width:1px\" srcset=\"https:\/\/tjurhane.com\/wp-content\/uploads\/2023\/12\/Les-Humains.png 1792w, https:\/\/tjurhane.com\/wp-content\/uploads\/2023\/12\/Les-Humains-1536x878.png 1536w, https:\/\/tjurhane.com\/wp-content\/uploads\/2023\/12\/Les-Humains-300x171.png 300w, https:\/\/tjurhane.com\/wp-content\/uploads\/2023\/12\/Les-Humains-768x439.png 768w, https:\/\/tjurhane.com\/wp-content\/uploads\/2023\/12\/Les-Humains-1024x585.png 1024w\" sizes=\"auto, (max-width: 1792px) 100vw, 1792px\" \/><\/figure>\n\n\n\n<div style=\"height:100px\" aria-hidden=\"true\" class=\"wp-block-spacer is-style-spacer-sm\"><\/div>\n\n\n\n<h5 class=\"wp-block-heading\" id=\"vk-blocks\">Les Humains<\/h5>\n\n\n\n<div style=\"height:100px\" aria-hidden=\"true\" class=\"wp-block-spacer is-style-spacer-xs\"><\/div>\n\n\n\n<p>\u00ab\u00a0Au c\u0153ur du monde mystique de Tjurhane, plongez dans la fascinante mosa\u00efque des races humaines, o\u00f9 chaque peuple d\u00e9voile ses traditions uniques, ses myst\u00e8res enfouis et ses destin\u00e9es entrelac\u00e9es, pr\u00eates \u00e0 \u00eatre explor\u00e9es dans cette \u00e9pop\u00e9e immersive o\u00f9 la diversit\u00e9 humaine devient le fil conducteur de votre aventure.\u00a0\u00bb<\/p>\n\n\n\n<div class=\"wp-block-buttons is-layout-flex wp-block-buttons-is-layout-flex\">\n<div class=\"wp-block-button has-custom-font-size is-style-fill has-small-font-size\"><a class=\"wp-block-button__link wp-element-button\" href=\"https:\/\/tjurhane.com\/index.php\/les-humains\/\" style=\"padding-top:0.3em;padding-right:1em;padding-bottom:0.3em;padding-left:1em\">Devenir un Humain<\/a><\/div>\n<\/div>\n<\/div>\n\n\n\n<div class=\"wp-block-column is-layout-flow wp-block-column-is-layout-flow\">\n<figure class=\"wp-block-image size-full has-custom-border\"><img loading=\"lazy\" decoding=\"async\" width=\"1792\" height=\"1024\" src=\"https:\/\/tjurhane.com\/wp-content\/uploads\/2023\/12\/Les-Elfes.png\" alt=\"\" class=\"has-border-color has-border-normal-border-color wp-image-449\" style=\"border-width:1px\" srcset=\"https:\/\/tjurhane.com\/wp-content\/uploads\/2023\/12\/Les-Elfes.png 1792w, https:\/\/tjurhane.com\/wp-content\/uploads\/2023\/12\/Les-Elfes-1536x878.png 1536w, https:\/\/tjurhane.com\/wp-content\/uploads\/2023\/12\/Les-Elfes-300x171.png 300w, https:\/\/tjurhane.com\/wp-content\/uploads\/2023\/12\/Les-Elfes-768x439.png 768w, https:\/\/tjurhane.com\/wp-content\/uploads\/2023\/12\/Les-Elfes-1024x585.png 1024w\" sizes=\"auto, (max-width: 1792px) 100vw, 1792px\" \/><\/figure>\n\n\n\n<div style=\"height:100px\" aria-hidden=\"true\" class=\"wp-block-spacer is-style-spacer-sm\"><\/div>\n\n\n\n<h5 class=\"wp-block-heading\" id=\"vk-blocks\">Les Elfes<\/h5>\n\n\n\n<div style=\"height:100px\" aria-hidden=\"true\" class=\"wp-block-spacer is-style-spacer-xs\"><\/div>\n\n\n\n<p>\u00ab\u00a0Dans le vaste panorama de Tjurhane, explorez la riche diversit\u00e9 des races elfes. Chaque branche de cette lign\u00e9e noble poss\u00e8de ses coutumes distinctes, ses talents magiques sp\u00e9cifiques, et ses histoires captivantes. Embarquez pour un p\u00e9riple extraordinaire \u00e0 travers les multiples visages de l&rsquo;\u00e9l\u00e9gance elfique.\u00a0\u00bb<\/p>\n\n\n\n<div class=\"wp-block-buttons is-layout-flex wp-block-buttons-is-layout-flex\">\n<div class=\"wp-block-button has-custom-font-size is-style-fill has-small-font-size\"><a class=\"wp-block-button__link wp-element-button\" href=\"https:\/\/tjurhane.com\/index.php\/les-elfes\/\" style=\"padding-top:0.3em;padding-right:1em;padding-bottom:0.3em;padding-left:1em\">Devenir un Elfe<\/a><\/div>\n<\/div>\n<\/div>\n\n\n\n<div class=\"wp-block-column is-layout-flow wp-block-column-is-layout-flow\">\n<figure class=\"wp-block-image size-full has-custom-border\"><img loading=\"lazy\" decoding=\"async\" width=\"1792\" height=\"1024\" src=\"https:\/\/tjurhane.com\/wp-content\/uploads\/2023\/12\/Les-Nains.png\" alt=\"\" class=\"has-border-color has-border-normal-border-color wp-image-484\" style=\"border-width:1px\" srcset=\"https:\/\/tjurhane.com\/wp-content\/uploads\/2023\/12\/Les-Nains.png 1792w, https:\/\/tjurhane.com\/wp-content\/uploads\/2023\/12\/Les-Nains-1536x878.png 1536w, https:\/\/tjurhane.com\/wp-content\/uploads\/2023\/12\/Les-Nains-300x171.png 300w, https:\/\/tjurhane.com\/wp-content\/uploads\/2023\/12\/Les-Nains-768x439.png 768w, https:\/\/tjurhane.com\/wp-content\/uploads\/2023\/12\/Les-Nains-1024x585.png 1024w\" sizes=\"auto, (max-width: 1792px) 100vw, 1792px\" \/><\/figure>\n\n\n\n<div style=\"height:100px\" aria-hidden=\"true\" class=\"wp-block-spacer is-style-spacer-sm\"><\/div>\n\n\n\n<h5 class=\"wp-block-heading\" id=\"vk-blocks\">Les Nains<\/h5>\n\n\n\n<div style=\"height:100px\" aria-hidden=\"true\" class=\"wp-block-spacer is-style-spacer-xs\"><\/div>\n\n\n\n<p>\u00ab\u00a0Descendez dans les profondeurs inexplor\u00e9es et d\u00e9couvrez la diversit\u00e9 fascinante des races naines. Chaque clan nain r\u00e9v\u00e8le son h\u00e9ritage unique, et ses r\u00e9cits \u00e9piques taill\u00e9s dans la pierre des temps anciens. Pr\u00e9parez-vous \u00e0 plonger d&rsquo;une saga inoubliable au c\u0153ur de l&rsquo;univers enchanteur de Tjurhane.\u00a0\u00bb<\/p>\n\n\n\n<div class=\"wp-block-buttons is-layout-flex wp-block-buttons-is-layout-flex\">\n<div class=\"wp-block-button has-custom-font-size is-style-fill has-small-font-size\"><a class=\"wp-block-button__link wp-element-button\" href=\"https:\/\/tjurhane.com\/index.php\/les-nains\/\" style=\"padding-top:0.3em;padding-right:1em;padding-bottom:0.3em;padding-left:1em\">Devenir un Nain<\/a><\/div>\n<\/div>\n<\/div>\n\n\n\n<div class=\"wp-block-column is-layout-flow wp-block-column-is-layout-flow\">\n<figure class=\"wp-block-image size-full has-custom-border\"><img loading=\"lazy\" decoding=\"async\" width=\"1792\" height=\"1024\" src=\"https:\/\/tjurhane.com\/wp-content\/uploads\/2023\/12\/Les-homme-bete-1.png\" alt=\"\" class=\"has-border-color has-border-normal-border-color wp-image-475\" style=\"border-width:1px\" srcset=\"https:\/\/tjurhane.com\/wp-content\/uploads\/2023\/12\/Les-homme-bete-1.png 1792w, https:\/\/tjurhane.com\/wp-content\/uploads\/2023\/12\/Les-homme-bete-1-1536x878.png 1536w, https:\/\/tjurhane.com\/wp-content\/uploads\/2023\/12\/Les-homme-bete-1-300x171.png 300w, https:\/\/tjurhane.com\/wp-content\/uploads\/2023\/12\/Les-homme-bete-1-768x439.png 768w, https:\/\/tjurhane.com\/wp-content\/uploads\/2023\/12\/Les-homme-bete-1-1024x585.png 1024w\" sizes=\"auto, (max-width: 1792px) 100vw, 1792px\" \/><\/figure>\n\n\n\n<div style=\"height:100px\" aria-hidden=\"true\" class=\"wp-block-spacer is-style-spacer-sm\"><\/div>\n\n\n\n<h5 class=\"wp-block-heading\" id=\"vk-blocks\">Les Hommes-B\u00eate<\/h5>\n\n\n\n<div style=\"height:100px\" aria-hidden=\"true\" class=\"wp-block-spacer is-style-spacer-xs\"><\/div>\n\n\n\n<p> \u00ab\u00a0Au c\u0153ur sauvage de Tjurhane, explorez la fascinante diversit\u00e9 des races hommes-b\u00eates. Chacune de ces tribus r\u00e9v\u00e8le sa propre connexion profonde avec les \u00e9l\u00e9ments sauvages, des d\u00e9serts arides aux for\u00eats. Pr\u00e9parez-vous \u00e0 plonger dans l&rsquo;essence sauvage  pour forger des destins uniques au sein de l&rsquo;\u00e9pop\u00e9e vibrante de Tjurhane.\u00a0\u00bb<\/p>\n\n\n\n<div class=\"wp-block-buttons is-layout-flex wp-block-buttons-is-layout-flex\">\n<div class=\"wp-block-button has-custom-font-size is-style-fill has-small-font-size\"><a class=\"wp-block-button__link wp-element-button\" href=\"https:\/\/tjurhane.com\/index.php\/les-hommes-bete\/\" style=\"padding-top:0.3em;padding-right:1em;padding-bottom:0.3em;padding-left:1em\">Devenir un Homme B\u00eate<\/a><\/div>\n<\/div>\n<\/div>\n<\/div>\n<\/div>\n\n\n\n<div class=\"wp-block-cover alignfull has-parallax\" style=\"padding-top:0px;padding-right:0px;padding-bottom:0px;padding-left:0px;min-height:250px;aspect-ratio:unset;\"><span aria-hidden=\"true\" class=\"wp-block-cover__background has-bg-primary-background-color has-background-dim-90 has-background-dim\"><\/span><div role=\"img\" class=\"wp-block-cover__image-background wp-image-516 has-parallax\" style=\"background-position:50% 50%;background-image:url(https:\/\/tjurhane.com\/wp-content\/uploads\/2023\/12\/Lencyclopedie-Raciale-2.png)\"><\/div><div class=\"wp-block-cover__inner-container is-layout-flow wp-block-cover-is-layout-flow\">\n<div style=\"height:100px\" aria-hidden=\"true\" class=\"wp-block-spacer is-style-spacer-lg\"><\/div>\n\n\n\n<div class=\"wp-block-group is-layout-constrained wp-block-group-is-layout-constrained\">\n<div class=\"wp-block-columns has-text-normal-color has-text-color is-layout-flex wp-container-core-columns-is-layout-f0342b05 wp-block-columns-is-layout-flex\" style=\"margin-top:0;margin-bottom:0\">\n<div class=\"wp-block-column is-layout-flow wp-block-column-is-layout-flow\">\n<figure class=\"wp-block-image size-full has-custom-border\"><img loading=\"lazy\" decoding=\"async\" width=\"1792\" height=\"1024\" src=\"https:\/\/tjurhane.com\/wp-content\/uploads\/2023\/12\/Dininite.png\" alt=\"\" class=\"has-border-color has-border-normal-border-color wp-image-483\" style=\"border-width:1px\" srcset=\"https:\/\/tjurhane.com\/wp-content\/uploads\/2023\/12\/Dininite.png 1792w, https:\/\/tjurhane.com\/wp-content\/uploads\/2023\/12\/Dininite-1536x878.png 1536w, https:\/\/tjurhane.com\/wp-content\/uploads\/2023\/12\/Dininite-300x171.png 300w, https:\/\/tjurhane.com\/wp-content\/uploads\/2023\/12\/Dininite-768x439.png 768w, https:\/\/tjurhane.com\/wp-content\/uploads\/2023\/12\/Dininite-1024x585.png 1024w\" sizes=\"auto, (max-width: 1792px) 100vw, 1792px\" \/><\/figure>\n\n\n\n<div style=\"height:100px\" aria-hidden=\"true\" class=\"wp-block-spacer is-style-spacer-sm\"><\/div>\n\n\n\n<h5 class=\"wp-block-heading\" id=\"vk-blocks\">Les Divinit\u00e9s <\/h5>\n\n\n\n<div style=\"height:100px\" aria-hidden=\"true\" class=\"wp-block-spacer is-style-spacer-xs\"><\/div>\n\n\n\n<p>\u00ab\u00a0Explorez les confins mystiques de Tjurhane, o\u00f9 les races divines, \u00e9clair\u00e9es par la gr\u00e2ce des cieux, et les cr\u00e9atures d\u00e9moniaques, n\u00e9es des abysses t\u00e9n\u00e9breuses, s&rsquo;entrelacent dans un ballet cosmique. Pr\u00e9parez-vous \u00e0 fa\u00e7onner votre destin\u00e9e au c\u0153ur de cette \u00e9pop\u00e9e o\u00f9 les divinit\u00e9s et les d\u00e9mons trament le destin du monde.\u00a0\u00bb<\/p>\n\n\n\n<div class=\"wp-block-buttons is-layout-flex wp-block-buttons-is-layout-flex\">\n<div class=\"wp-block-button has-custom-font-size is-style-fill has-small-font-size\"><a class=\"wp-block-button__link wp-element-button\" href=\"https:\/\/tjurhane.com\/index.php\/les-divinites\/\" style=\"padding-top:0.3em;padding-right:1em;padding-bottom:0.3em;padding-left:1em\">Devenir une Divinit\u00e9<\/a><\/div>\n<\/div>\n<\/div>\n\n\n\n<div class=\"wp-block-column is-layout-flow wp-block-column-is-layout-flow\">\n<figure class=\"wp-block-image size-full has-custom-border\"><img loading=\"lazy\" decoding=\"async\" width=\"1792\" height=\"1024\" src=\"https:\/\/tjurhane.com\/wp-content\/uploads\/2023\/12\/Petit-Monde.png\" alt=\"\" class=\"has-border-color has-border-normal-border-color wp-image-485\" style=\"border-width:1px\" srcset=\"https:\/\/tjurhane.com\/wp-content\/uploads\/2023\/12\/Petit-Monde.png 1792w, https:\/\/tjurhane.com\/wp-content\/uploads\/2023\/12\/Petit-Monde-1536x878.png 1536w, https:\/\/tjurhane.com\/wp-content\/uploads\/2023\/12\/Petit-Monde-300x171.png 300w, https:\/\/tjurhane.com\/wp-content\/uploads\/2023\/12\/Petit-Monde-768x439.png 768w, https:\/\/tjurhane.com\/wp-content\/uploads\/2023\/12\/Petit-Monde-1024x585.png 1024w\" sizes=\"auto, (max-width: 1792px) 100vw, 1792px\" \/><\/figure>\n\n\n\n<div style=\"height:100px\" aria-hidden=\"true\" class=\"wp-block-spacer is-style-spacer-sm\"><\/div>\n\n\n\n<h5 class=\"wp-block-heading\" id=\"vk-blocks\">Le Petit Monde<\/h5>\n\n\n\n<div style=\"height:100px\" aria-hidden=\"true\" class=\"wp-block-spacer is-style-spacer-xs\"><\/div>\n\n\n\n<p>\u00ab\u00a0Dans les recoins enchanteurs de Tjurhane, plongez au c\u0153ur du petit monde, o\u00f9 les gnomes inventifs, les gobelins malicieux, les halfelins joyeux, les trolls robustes et les leprechauns farceurs cohabitent dans une harmonie surprenante. Pr\u00e9parez-vous \u00e0 d\u00e9couvrir un univers foisonnant de vie, d&rsquo;aventure et de magie.\u00a0\u00bb<\/p>\n\n\n\n<div class=\"wp-block-buttons is-layout-flex wp-block-buttons-is-layout-flex\">\n<div class=\"wp-block-button has-custom-font-size is-style-fill has-small-font-size\"><a class=\"wp-block-button__link wp-element-button\" href=\"https:\/\/tjurhane.com\/index.php\/le-petit-monde\/\" style=\"padding-top:0.3em;padding-right:1em;padding-bottom:0.3em;padding-left:1em\">Devenir une tout mignon<\/a><\/div>\n<\/div>\n<\/div>\n\n\n\n<div class=\"wp-block-column is-layout-flow wp-block-column-is-layout-flow\">\n<figure class=\"wp-block-image size-full has-custom-border\"><img loading=\"lazy\" decoding=\"async\" width=\"1792\" height=\"1024\" src=\"https:\/\/tjurhane.com\/wp-content\/uploads\/2023\/12\/Les-Maudits.png\" alt=\"\" class=\"has-border-color has-border-normal-border-color wp-image-492\" style=\"border-width:1px\" srcset=\"https:\/\/tjurhane.com\/wp-content\/uploads\/2023\/12\/Les-Maudits.png 1792w, https:\/\/tjurhane.com\/wp-content\/uploads\/2023\/12\/Les-Maudits-1536x878.png 1536w, https:\/\/tjurhane.com\/wp-content\/uploads\/2023\/12\/Les-Maudits-300x171.png 300w, https:\/\/tjurhane.com\/wp-content\/uploads\/2023\/12\/Les-Maudits-768x439.png 768w, https:\/\/tjurhane.com\/wp-content\/uploads\/2023\/12\/Les-Maudits-1024x585.png 1024w\" sizes=\"auto, (max-width: 1792px) 100vw, 1792px\" \/><\/figure>\n\n\n\n<div style=\"height:100px\" aria-hidden=\"true\" class=\"wp-block-spacer is-style-spacer-sm\"><\/div>\n\n\n\n<h5 class=\"wp-block-heading\" id=\"vk-blocks\">Les Maudits<\/h5>\n\n\n\n<div style=\"height:100px\" aria-hidden=\"true\" class=\"wp-block-spacer is-style-spacer-xs\"><\/div>\n\n\n\n<p>\u00ab\u00a0Dans les ombres \u00e9ternelles de Tjurhane, explorez les terres des non-morts, o\u00f9 les spectres tourment\u00e9s, les liches assoiff\u00e9es de savoir et d&rsquo;autres cr\u00e9atures macabres errent parmi les ruines des royaumes oubli\u00e9s. D\u00e9voilant des histoires lugubres et des pouvoirs surnaturels. Pr\u00e9parez-vous \u00e0 plonger dans l&rsquo;obscurit\u00e9 s\u00e9pulcrale.\u00a0\u00bb<\/p>\n\n\n\n<div class=\"wp-block-buttons is-layout-flex wp-block-buttons-is-layout-flex\">\n<div class=\"wp-block-button has-custom-font-size is-style-fill has-small-font-size\"><a class=\"wp-block-button__link wp-element-button\" href=\"https:\/\/tjurhane.com\/index.php\/les-maudits\/\" style=\"padding-top:0.3em;padding-right:1em;padding-bottom:0.3em;padding-left:1em\">Devenir un \u00eatre maudit<\/a><\/div>\n<\/div>\n<\/div>\n\n\n\n<div class=\"wp-block-column is-layout-flow wp-block-column-is-layout-flow\">\n<div style=\"height:100px\" aria-hidden=\"true\" class=\"wp-block-spacer is-style-spacer-sm\"><\/div>\n\n\n\n<div style=\"height:100px\" aria-hidden=\"true\" class=\"wp-block-spacer is-style-spacer-xs\"><\/div>\n<\/div>\n<\/div>\n<\/div>\n\n\n\n<div style=\"height:50px\" aria-hidden=\"true\" class=\"wp-block-spacer is-style-spacer-lg\"><\/div>\n\n\n\n<hr class=\"wp-block-separator has-text-color has-border-normal-color has-alpha-channel-opacity has-border-normal-background-color has-background is-style-wide\"\/>\n<\/div><\/div>\n\n\n\n<div style=\"height:50px\" aria-hidden=\"true\" class=\"wp-block-spacer is-style-spacer-lg\"><\/div>\n\n\n\n<hr class=\"wp-block-separator has-text-color has-border-normal-color has-alpha-channel-opacity has-border-normal-background-color has-background is-style-wide\"\/>\n<\/div><\/div>\n","protected":false},"excerpt":{"rendered":"<p>Tjurhane est un univers qui offre une grande vari\u00e9t\u00e9 de race cr\u00e9\u00e9e par le MJ Reylih-Sama, ainsi que les joueurs qui peuvent interagir avec l&rsquo;univers sur les demandes du MJ, qui valide ou non les propositions de ses joueurs. Les races ayant une * apr\u00e8s leur nom sous jouable sous condition \u00e0 voir avec le [&hellip;]<\/p>\n","protected":false},"author":1,"featured_media":0,"parent":0,"menu_order":0,"comment_status":"closed","ping_status":"closed","template":"","meta":{"vkexunit_cta_each_option":"","footnotes":""},"class_list":["post-197","page","type-page","status-publish","hentry"],"_links":{"self":[{"href":"https:\/\/tjurhane.com\/index.php\/wp-json\/wp\/v2\/pages\/197","targetHints":{"allow":["GET"]}}],"collection":[{"href":"https:\/\/tjurhane.com\/index.php\/wp-json\/wp\/v2\/pages"}],"about":[{"href":"https:\/\/tjurhane.com\/index.php\/wp-json\/wp\/v2\/types\/page"}],"author":[{"embeddable":true,"href":"https:\/\/tjurhane.com\/index.php\/wp-json\/wp\/v2\/users\/1"}],"replies":[{"embeddable":true,"href":"https:\/\/tjurhane.com\/index.php\/wp-json\/wp\/v2\/comments?post=197"}],"version-history":[{"count":24,"href":"https:\/\/tjurhane.com\/index.php\/wp-json\/wp\/v2\/pages\/197\/revisions"}],"predecessor-version":[{"id":671,"href":"https:\/\/tjurhane.com\/index.php\/wp-json\/wp\/v2\/pages\/197\/revisions\/671"}],"wp:attachment":[{"href":"https:\/\/tjurhane.com\/index.php\/wp-json\/wp\/v2\/media?parent=197"}],"curies":[{"name":"wp","href":"https:\/\/api.w.org\/{rel}","templated":true}]}}