{"id":258,"date":"2023-12-26T20:16:50","date_gmt":"2023-12-26T19:16:50","guid":{"rendered":"https:\/\/tjurhane.com\/?page_id=258"},"modified":"2023-12-28T20:31:54","modified_gmt":"2023-12-28T19:31:54","slug":"lordreinien","status":"publish","type":"page","link":"https:\/\/tjurhane.com\/index.php\/lordreinien\/","title":{"rendered":"Lordreinien"},"content":{"rendered":"\n<p>Origine\u00a0: Capital d\u2019Or Azur<br>Divinit\u00e9 v\u00e9n\u00e9r\u00e9\u00a0:\u00a0 Larnil Dieu de la chasse et du travail<br><br>Don :<\/p>\n\n\n\n<ol class=\"wp-block-list\">\n<li><strong>Ma\u00eetrise Commerciale :<\/strong> Les Lordreiniens poss\u00e8dent un talent inn\u00e9 pour le commerce. Ce don leur permet de mieux n\u00e9gocier les prix, d&rsquo;identifier les marchandises de valeur, et d&rsquo;\u00e9tablir des r\u00e9seaux commerciaux efficaces.<\/li>\n\n\n\n<li><strong>R\u00e9silience du Fermier :<\/strong> De nombreux Lordreiniens \u00e9tant des agriculteurs, ce don leur conf\u00e8re une endurance exceptionnelle et une compr\u00e9hension intuitive des terres agricoles, leur permettant d&rsquo;am\u00e9liorer les r\u00e9coltes et de prosp\u00e9rer m\u00eame dans des conditions difficiles.<\/li>\n\n\n\n<li><strong>Artisan de G\u00e9nie :<\/strong> Certains Lordreiniens poss\u00e8dent un don pour l&rsquo;artisanat, leur permettant de cr\u00e9er des objets d&rsquo;une qualit\u00e9 sup\u00e9rieure. Ce don pourrait se manifester par une habilet\u00e9 particuli\u00e8re dans la forge, la menuiserie, ou la joaillerie.<\/li>\n\n\n\n<li><strong>Strat\u00e8ge Guerrier :<\/strong> Malgr\u00e9 leur stature modeste, les guerriers Lordreiniens sont dot\u00e9s d&rsquo;une intelligence tactique aigu\u00eb, leur permettant de surclasser des adversaires plus forts ou plus nombreux.<\/li>\n\n\n\n<li><strong>Ranger des Terres Sauvages :<\/strong> Ce don conf\u00e8re aux Lordreiniens une capacit\u00e9 exceptionnelle \u00e0 naviguer et survivre dans des environnements naturels difficiles, faisant d&rsquo;eux des \u00e9claireurs et des rangers comp\u00e9tents.<\/li>\n\n\n\n<li><strong>Diplomatie Subtile :<\/strong> Les Lordreiniens ayant une facilit\u00e9 \u00e0 s&rsquo;int\u00e9grer partout, ce don leur permet de comprendre et de s&rsquo;adapter rapidement aux coutumes et aux nuances sociales de diff\u00e9rentes cultures, les rendant efficaces en tant que diplomates ou espions.<\/li>\n\n\n\n<li><strong>Pers\u00e9v\u00e9rance du Voyageur :<\/strong> Un don qui conf\u00e8re aux Lordreiniens une endurance exceptionnelle lors des voyages, leur permettant de parcourir de longues distances sans fatigue excessive.<\/li>\n\n\n\n<li><strong>Connaisseur des Antiquit\u00e9s :<\/strong> Certains Lordreiniens d\u00e9veloppent une capacit\u00e9 \u00e0 identifier et \u00e9valuer des objets anciens, des reliques ou des artefacts, ce qui est particuli\u00e8rement utile pour les marchands d&rsquo;art et les collectionneurs.<\/li>\n\n\n\n<li><strong>Intuition du March\u00e9 :<\/strong> Ce don donne aux Lordreiniens une compr\u00e9hension presque proph\u00e9tique des tendances du march\u00e9, leur permettant d&rsquo;anticiper les changements \u00e9conomiques et de prosp\u00e9rer dans le commerce.<\/li>\n\n\n\n<li><strong>Ma\u00eetrise des Armes Non Magiques :<\/strong> En l&rsquo;absence de magie, certains Lordreiniens se sont sp\u00e9cialis\u00e9s dans l&rsquo;utilisation experte d&rsquo;armes non magiques, comme l&rsquo;\u00e9p\u00e9e, l&rsquo;arc, ou la lance, atteignant une ma\u00eetrise presque surnaturelle.<\/li>\n<\/ol>\n\n\n\n<figure class=\"wp-block-gallery has-nested-images columns-default is-cropped wp-block-gallery-1 is-layout-flex wp-block-gallery-is-layout-flex\">\n<figure class=\"wp-block-image size-large\"><img loading=\"lazy\" decoding=\"async\" width=\"585\" height=\"1024\" data-id=\"259\" src=\"https:\/\/tjurhane.com\/wp-content\/uploads\/2023\/12\/Lordreinien-F-585x1024.png\" alt=\"\" class=\"wp-image-259\" srcset=\"https:\/\/tjurhane.com\/wp-content\/uploads\/2023\/12\/Lordreinien-F-585x1024.png 585w, https:\/\/tjurhane.com\/wp-content\/uploads\/2023\/12\/Lordreinien-F-878x1536.png 878w, https:\/\/tjurhane.com\/wp-content\/uploads\/2023\/12\/Lordreinien-F-171x300.png 171w, https:\/\/tjurhane.com\/wp-content\/uploads\/2023\/12\/Lordreinien-F-768x1344.png 768w, https:\/\/tjurhane.com\/wp-content\/uploads\/2023\/12\/Lordreinien-F.png 1024w\" sizes=\"auto, (max-width: 585px) 100vw, 585px\" \/><\/figure>\n\n\n\n<figure class=\"wp-block-image size-large\"><img loading=\"lazy\" decoding=\"async\" width=\"585\" height=\"1024\" data-id=\"260\" src=\"https:\/\/tjurhane.com\/wp-content\/uploads\/2023\/12\/Lordreinien-H-585x1024.png\" alt=\"\" class=\"wp-image-260\" srcset=\"https:\/\/tjurhane.com\/wp-content\/uploads\/2023\/12\/Lordreinien-H-585x1024.png 585w, https:\/\/tjurhane.com\/wp-content\/uploads\/2023\/12\/Lordreinien-H-878x1536.png 878w, https:\/\/tjurhane.com\/wp-content\/uploads\/2023\/12\/Lordreinien-H-171x300.png 171w, https:\/\/tjurhane.com\/wp-content\/uploads\/2023\/12\/Lordreinien-H-768x1344.png 768w, https:\/\/tjurhane.com\/wp-content\/uploads\/2023\/12\/Lordreinien-H.png 1024w\" sizes=\"auto, (max-width: 585px) 100vw, 585px\" \/><\/figure>\n<\/figure>\n\n\n\n<p><br>Les Lordreiniens, bien qu&rsquo;humains, sont per\u00e7us comme une race \u00e0 part dans le vaste univers de Tjurhane, caract\u00e9ris\u00e9s par leur adaptabilit\u00e9, leur ing\u00e9niosit\u00e9 et leur esprit d&rsquo;entreprise. Ils repr\u00e9sentent la quintessence de la pers\u00e9v\u00e9rance humaine, prosp\u00e9rant sans l&rsquo;aide de la magie dans un monde o\u00f9 elle est souvent consid\u00e9r\u00e9e comme essentielle.<\/p>\n\n\n\n<p>Leur capitale, Or Azur, est une ville vibrante situ\u00e9e au c\u0153ur de la r\u00e9gion d&rsquo;Ekess, connue pour ses march\u00e9s color\u00e9s et ses b\u00e2timents orn\u00e9s de mosa\u00efques bleu azur qui brillent au soleil. Or Azur est un carrefour pour les voyageurs et les commer\u00e7ants, refl\u00e9tant la diversit\u00e9 et la richesse culturelle des Lordreiniens.<\/p>\n\n\n\n<p>Bien qu&rsquo;incapables de lancer des sorts, les Lordreiniens compensent ce manque par une ma\u00eetrise remarquable de divers m\u00e9tiers. Certains sont des marchands astucieux, naviguant \u00e0 travers les royaumes avec des marchandises exotiques et rares, tandis que d&rsquo;autres sont des rangers habiles, connaissant les terres sauvages mieux que quiconque. Les guerriers Lordreiniens, bien que moins imposants physiquement que d&rsquo;autres races, sont r\u00e9put\u00e9s pour leur agilit\u00e9, leur strat\u00e9gie et leur ma\u00eetrise des armes.<\/p>\n\n\n\n<p>La majorit\u00e9 des Lordreiniens pr\u00e9f\u00e8rent une vie plus paisible, travaillant en tant que fermiers ou artisans. Leur agriculture est innovante, utilisant des techniques avanc\u00e9es pour cultiver des terres parfois ingrates. Les artisans Lordreiniens sont c\u00e9l\u00e8bres pour leur travail du bois, de la pierre et des m\u00e9taux, cr\u00e9ant des objets \u00e0 la fois fonctionnels et artistiques.<\/p>\n\n\n\n<p>En d\u00e9pit de leur origine commune, les Lordreiniens sont connus pour leur capacit\u00e9 \u00e0 s&rsquo;int\u00e9grer dans n&rsquo;importe quel environnement. Que ce soit dans les for\u00eats denses, les montagnes escarp\u00e9es, ou m\u00eame dans les cit\u00e9s \u00e9labor\u00e9es des autres races, ils trouvent toujours leur place, s&rsquo;adaptant et prosp\u00e9rant.<\/p>\n\n\n\n<p>Ce qui distingue les plus les Lordreiniens, c&rsquo;est leur modestie et leur pragmatisme. Leur carrure peut \u00eatre moins imposante que celle d&rsquo;autres races, mais ils poss\u00e8dent une r\u00e9silience et une d\u00e9termination in\u00e9branlable. Cette combinaison de traits fait des Lordreiniens des alli\u00e9s pr\u00e9cieux et des adversaires redoutables.<\/p>\n\n\n\n<p>Les Lordreiniens, avec leur esprit d&rsquo;entreprise, leur adaptabilit\u00e9 et leur ing\u00e9niosit\u00e9, jouent un r\u00f4le crucial dans l&rsquo;\u00e9quilibre de Tjurhane, prouvant que m\u00eame sans magie, l&rsquo;humanit\u00e9 peut non seulement survivre, mais aussi prosp\u00e9rer et influencer le cours de l&rsquo;histoire.<\/p>\n","protected":false},"excerpt":{"rendered":"<p>Origine\u00a0: Capital d\u2019Or AzurDivinit\u00e9 v\u00e9n\u00e9r\u00e9\u00a0:\u00a0 Larnil Dieu de la chasse et du travail Don : Les Lordreiniens, bien qu&rsquo;humains, sont per\u00e7us comme une race \u00e0 part dans le vaste univers de Tjurhane, caract\u00e9ris\u00e9s par leur adaptabilit\u00e9, leur ing\u00e9niosit\u00e9 et leur esprit d&rsquo;entreprise. Ils repr\u00e9sentent la quintessence de la pers\u00e9v\u00e9rance humaine, prosp\u00e9rant sans l&rsquo;aide de la [&hellip;]<\/p>\n","protected":false},"author":1,"featured_media":0,"parent":0,"menu_order":0,"comment_status":"closed","ping_status":"closed","template":"","meta":{"sns_share_botton_hide":"","vkExUnit_sns_title":"","_vk_print_noindex":"","sitemap_hide":"","vkExUnit_sitemap":"","_veu_custom_css":"","veu_display_promotion_alert":"common","_exclude_from_list_pages":"","vkexunit_cta_each_option":"","vkExUnit_childPageIndex":"","vkExUnit_pageList_ancestor":"","footnotes":""},"class_list":["post-258","page","type-page","status-publish","hentry"],"veu_head_title_object":{"title":"","add_site_title":""},"_links":{"self":[{"href":"https:\/\/tjurhane.com\/index.php\/wp-json\/wp\/v2\/pages\/258","targetHints":{"allow":["GET"]}}],"collection":[{"href":"https:\/\/tjurhane.com\/index.php\/wp-json\/wp\/v2\/pages"}],"about":[{"href":"https:\/\/tjurhane.com\/index.php\/wp-json\/wp\/v2\/types\/page"}],"author":[{"embeddable":true,"href":"https:\/\/tjurhane.com\/index.php\/wp-json\/wp\/v2\/users\/1"}],"replies":[{"embeddable":true,"href":"https:\/\/tjurhane.com\/index.php\/wp-json\/wp\/v2\/comments?post=258"}],"version-history":[{"count":2,"href":"https:\/\/tjurhane.com\/index.php\/wp-json\/wp\/v2\/pages\/258\/revisions"}],"predecessor-version":[{"id":522,"href":"https:\/\/tjurhane.com\/index.php\/wp-json\/wp\/v2\/pages\/258\/revisions\/522"}],"wp:attachment":[{"href":"https:\/\/tjurhane.com\/index.php\/wp-json\/wp\/v2\/media?parent=258"}],"curies":[{"name":"wp","href":"https:\/\/api.w.org\/{rel}","templated":true}]}}