{"id":282,"date":"2023-12-27T20:48:06","date_gmt":"2023-12-27T19:48:06","guid":{"rendered":"https:\/\/tjurhane.com\/?page_id=282"},"modified":"2023-12-28T23:21:22","modified_gmt":"2023-12-28T22:21:22","slug":"elfe-des-neiges","status":"publish","type":"page","link":"https:\/\/tjurhane.com\/index.php\/elfe-des-neiges\/","title":{"rendered":"Elfe des Neiges"},"content":{"rendered":"\n<p>Origine\u00a0: For\u00eat gel\u00e9e de Refir et Ekess<br>Divinit\u00e9 v\u00e9n\u00e9r\u00e9\u00a0: Irinwe Immortelle de la cr\u00e9ation, de la magie, de la nature et de la vie<br><br>Don\u00a0:<\/p>\n\n\n\n<ol class=\"wp-block-list\">\n<li><strong>Ma\u00eetrise de la Glace :<\/strong> Les Elfes des neiges ont la capacit\u00e9 inn\u00e9e de manipuler la glace et la neige, leur permettant de cr\u00e9er des structures, des armes ou de lancer des sorts li\u00e9s au froid.<\/li>\n\n\n\n<li><strong>Camouflage Hivernal :<\/strong> Un don leur permettant de se fondre parfaitement dans les paysages enneig\u00e9s, rendant leur d\u00e9tection presque impossible par les intrus.<\/li>\n\n\n\n<li><strong>Communion avec la Nature :<\/strong> Les Elfes des neiges peuvent communiquer avec les cr\u00e9atures et les plantes de la for\u00eat, leur demandant aide et conseil.<\/li>\n\n\n\n<li><strong>Pas de L&rsquo;Esprit :<\/strong> Cette capacit\u00e9 leur donne une agilit\u00e9 et une l\u00e9g\u00e8ret\u00e9 exceptionnelles, leur permettant de se d\u00e9placer sans bruit dans la neige profonde.<\/li>\n\n\n\n<li><strong>Gu\u00e9rison par le Froid :<\/strong> Un don unique qui utilise les \u00e9nergies froides pour soigner les blessures et les maladies, une comp\u00e9tence pr\u00e9cieuse dans leur environnement rude.<\/li>\n\n\n\n<li><strong>Vision Hivernale :<\/strong> Les Elfes des neiges poss\u00e8dent une vision adapt\u00e9e aux conditions de faible luminosit\u00e9 des hivers longs et sombres, leur permettant de voir clairement m\u00eame pendant les nuits les plus obscures.<\/li>\n\n\n\n<li><strong>Sculpteur de Glace :<\/strong> Une aptitude artistique leur permettant de sculpter la glace et la neige avec une pr\u00e9cision et une beaut\u00e9 extraordinaires, cr\u00e9ant des \u0153uvres d&rsquo;art \u00e9ph\u00e9m\u00e8res ou des abris.<\/li>\n\n\n\n<li><strong>R\u00e9silience au Froid :<\/strong> Une r\u00e9sistance naturelle aux temp\u00e9ratures glaciales, leur permettant de survivre dans des conditions qui seraient mortelles pour d&rsquo;autres races.<\/li>\n\n\n\n<li><strong>Fl\u00e9au des Nordiques :<\/strong> Une comp\u00e9tence de combat sp\u00e9cialis\u00e9e contre les Nordiques, d\u00e9velopp\u00e9e au fil des ann\u00e9es de conflit.<\/li>\n\n\n\n<li><strong>Chant de la For\u00eat :<\/strong> Un don mystique qui leur permet d&rsquo;entendre et d&rsquo;interpr\u00e9ter les murmures et les chants de la for\u00eat, recevant des conseils ou des avertissements de la nature elle-m\u00eame.<\/li>\n<\/ol>\n\n\n\n<figure class=\"wp-block-gallery has-nested-images columns-default is-cropped wp-block-gallery-1 is-layout-flex wp-block-gallery-is-layout-flex\">\n<figure class=\"wp-block-image size-large\"><img loading=\"lazy\" decoding=\"async\" width=\"585\" height=\"1024\" data-id=\"283\" src=\"https:\/\/tjurhane.com\/wp-content\/uploads\/2023\/12\/Elfe-des-Neiges-F-585x1024.png\" alt=\"\" class=\"wp-image-283\" srcset=\"https:\/\/tjurhane.com\/wp-content\/uploads\/2023\/12\/Elfe-des-Neiges-F-585x1024.png 585w, https:\/\/tjurhane.com\/wp-content\/uploads\/2023\/12\/Elfe-des-Neiges-F-878x1536.png 878w, https:\/\/tjurhane.com\/wp-content\/uploads\/2023\/12\/Elfe-des-Neiges-F-171x300.png 171w, https:\/\/tjurhane.com\/wp-content\/uploads\/2023\/12\/Elfe-des-Neiges-F-768x1344.png 768w, https:\/\/tjurhane.com\/wp-content\/uploads\/2023\/12\/Elfe-des-Neiges-F.png 1024w\" sizes=\"auto, (max-width: 585px) 100vw, 585px\" \/><\/figure>\n\n\n\n<figure class=\"wp-block-image size-large\"><img loading=\"lazy\" decoding=\"async\" width=\"585\" height=\"1024\" data-id=\"284\" src=\"https:\/\/tjurhane.com\/wp-content\/uploads\/2023\/12\/Elfe-des-Neiges-H-585x1024.png\" alt=\"\" class=\"wp-image-284\" srcset=\"https:\/\/tjurhane.com\/wp-content\/uploads\/2023\/12\/Elfe-des-Neiges-H-585x1024.png 585w, https:\/\/tjurhane.com\/wp-content\/uploads\/2023\/12\/Elfe-des-Neiges-H-878x1536.png 878w, https:\/\/tjurhane.com\/wp-content\/uploads\/2023\/12\/Elfe-des-Neiges-H-171x300.png 171w, https:\/\/tjurhane.com\/wp-content\/uploads\/2023\/12\/Elfe-des-Neiges-H-768x1344.png 768w, https:\/\/tjurhane.com\/wp-content\/uploads\/2023\/12\/Elfe-des-Neiges-H.png 1024w\" sizes=\"auto, (max-width: 585px) 100vw, 585px\" \/><\/figure>\n<\/figure>\n\n\n\n<p>Les Elfes des neiges, \u00e9missaires de la nature et gardiens de l&rsquo;ancienne for\u00eat, sont des \u00eatres d&rsquo;une beaut\u00e9 et d&rsquo;une gr\u00e2ce qui semblent \u00e9maner directement du c\u0153ur des terres enneig\u00e9es qu&rsquo;ils appellent leur foyer. Ces \u00eatres d\u00e9licats mais r\u00e9silients vivent en parfaite harmonie avec leur environnement, un paradis de pins enneig\u00e9s et de vall\u00e9es gel\u00e9es qui s&rsquo;\u00e9tend jusqu&rsquo;aux majestueuses montagnes du Royaume de Fortoneur.<\/p>\n\n\n\n<p>Tout comme leurs lointains cousins, les Elfes Sylvains, les Elfes des neiges sont profond\u00e9ment connect\u00e9s \u00e0 la nature, la ch\u00e9rissant et la prot\u00e9geant avec une d\u00e9votion fervente. Cependant, leur paix a \u00e9t\u00e9 bris\u00e9e par la mont\u00e9e en puissance des Nordiques, dont la qu\u00eate de territoire et de souverainet\u00e9 a entra\u00een\u00e9 la destruction d&rsquo;une partie substantielle de leur for\u00eat sacr\u00e9e. Cette perte a engendr\u00e9 une profonde douleur et un conflit qui dure depuis des ann\u00e9es, laissant des cicatrices profondes dans le c\u0153ur et l&rsquo;\u00e2me de chaque Elfe des neiges.<\/p>\n\n\n\n<p>\u00c0 la t\u00eate de ce peuple se trouve le jeune roi Salocin, un leader visionnaire et empathique. Contrairement \u00e0 ses pr\u00e9d\u00e9cesseurs, Salocin croit fermement que les Nordiques ne comprennent pas la signification v\u00e9ritable de la for\u00eat pour son peuple. Il aspire \u00e0 une \u00e8re de paix et de compr\u00e9hension mutuelle, souhaitant ardemment mettre un terme \u00e0 ce conflit sanglant. Salocin envisage un avenir o\u00f9 Elfes des neiges et Nordiques pourraient coexister, voire collaborer \u00e0 la pr\u00e9servation et \u00e0 la r\u00e9g\u00e9n\u00e9ration de la for\u00eat.<\/p>\n\n\n\n<p>Les Elfes des neiges sont connus pour leur connexion presque surnaturelle avec les \u00e9l\u00e9ments hivernaux. Ils peuvent se d\u00e9placer sans bruit dans la neige la plus profonde, communiquer avec les cr\u00e9atures de la for\u00eat, et m\u00eame influencer le climat pour prot\u00e9ger leur domaine. Leurs demeures, sculpt\u00e9es dans les arbres et la glace, sont des chefs-d&rsquo;\u0153uvre d&rsquo;architecture naturelle, se fondant harmonieusement dans le paysage enneig\u00e9.<\/p>\n\n\n\n<p>Leur culture est riche en traditions, en arts et en artisanat, refl\u00e9tant leur profond respect pour la nature et leur \u00e9l\u00e9gance inn\u00e9e. Les Elfes des neiges sont \u00e9galement des guerriers redoutables, habiles dans l&rsquo;art du combat en terrain enneig\u00e9 et capables d&rsquo;utiliser la magie de la glace et du froid contre leurs ennemis.<\/p>\n\n\n\n<p>Dans l&rsquo;univers de Tjurhane, les Elfes des neiges repr\u00e9sentent la d\u00e9licatesse et la force de la nature, luttant pour pr\u00e9server leur patrimoine et leur terre contre les ravages de la guerre. Leur qu\u00eate de paix et de compr\u00e9hension avec les Nordiques est un r\u00e9cit poignant de conflit, de perte, et d&rsquo;espoir pour un avenir meilleur.<\/p>\n","protected":false},"excerpt":{"rendered":"<p>Origine\u00a0: For\u00eat gel\u00e9e de Refir et EkessDivinit\u00e9 v\u00e9n\u00e9r\u00e9\u00a0: Irinwe Immortelle de la cr\u00e9ation, de la magie, de la nature et de la vie Don\u00a0: Les Elfes des neiges, \u00e9missaires de la nature et gardiens de l&rsquo;ancienne for\u00eat, sont des \u00eatres d&rsquo;une beaut\u00e9 et d&rsquo;une gr\u00e2ce qui semblent \u00e9maner directement du c\u0153ur des terres enneig\u00e9es qu&rsquo;ils [&hellip;]<\/p>\n","protected":false},"author":1,"featured_media":0,"parent":0,"menu_order":0,"comment_status":"closed","ping_status":"closed","template":"","meta":{"vkexunit_cta_each_option":"","footnotes":""},"class_list":["post-282","page","type-page","status-publish","hentry"],"_links":{"self":[{"href":"https:\/\/tjurhane.com\/index.php\/wp-json\/wp\/v2\/pages\/282","targetHints":{"allow":["GET"]}}],"collection":[{"href":"https:\/\/tjurhane.com\/index.php\/wp-json\/wp\/v2\/pages"}],"about":[{"href":"https:\/\/tjurhane.com\/index.php\/wp-json\/wp\/v2\/types\/page"}],"author":[{"embeddable":true,"href":"https:\/\/tjurhane.com\/index.php\/wp-json\/wp\/v2\/users\/1"}],"replies":[{"embeddable":true,"href":"https:\/\/tjurhane.com\/index.php\/wp-json\/wp\/v2\/comments?post=282"}],"version-history":[{"count":2,"href":"https:\/\/tjurhane.com\/index.php\/wp-json\/wp\/v2\/pages\/282\/revisions"}],"predecessor-version":[{"id":532,"href":"https:\/\/tjurhane.com\/index.php\/wp-json\/wp\/v2\/pages\/282\/revisions\/532"}],"wp:attachment":[{"href":"https:\/\/tjurhane.com\/index.php\/wp-json\/wp\/v2\/media?parent=282"}],"curies":[{"name":"wp","href":"https:\/\/api.w.org\/{rel}","templated":true}]}}