{"id":290,"date":"2023-12-27T20:56:27","date_gmt":"2023-12-27T19:56:27","guid":{"rendered":"https:\/\/tjurhane.com\/?page_id=290"},"modified":"2023-12-29T01:31:26","modified_gmt":"2023-12-29T00:31:26","slug":"elfe-sylvain","status":"publish","type":"page","link":"https:\/\/tjurhane.com\/index.php\/elfe-sylvain\/","title":{"rendered":"Elfe Sylvain"},"content":{"rendered":"\n<p>Origine\u00a0: Jungle d\u2019Anon<br>Divinit\u00e9 v\u00e9n\u00e9r\u00e9\u00a0: Irinwe Immortelle de la cr\u00e9ation de la magie, de la nature et de la vie et Larnil Dieu de la chasse et du travail<br><br>Don\u00a0:<\/p>\n\n\n\n<ol class=\"wp-block-list\">\n<li><strong>Ma\u00eetrise de la Botanique :<\/strong> Une compr\u00e9hension profonde de la flore de la jungle, permettant aux Elfes Sylvains de cultiver des plantes pour la gu\u00e9rison, la nourriture, et d&rsquo;autres usages.<\/li>\n\n\n\n<li><strong>Communion avec les Animaux :<\/strong> La capacit\u00e9 \u00e0 communiquer et \u00e0 former des liens profonds avec les animaux de la jungle, les utilisant comme compagnons, guides, ou protecteurs.<\/li>\n\n\n\n<li><strong>Agilit\u00e9 Arboricole :<\/strong> Une habilet\u00e9 naturelle \u00e0 se d\u00e9placer avec aisance et gr\u00e2ce dans la canop\u00e9e, rendant les Elfes Sylvains virtuoses dans l&rsquo;art de la navigation foresti\u00e8re.<\/li>\n\n\n\n<li><strong>Camouflage Naturel :<\/strong> Un don pour se fondre dans leur environnement de jungle, rendant les Elfes Sylvains presque ind\u00e9tectables lorsqu&rsquo;ils le souhaitent.<\/li>\n\n\n\n<li><strong>Magie de la Nature :<\/strong> Une affinit\u00e9 inn\u00e9e avec la magie li\u00e9e \u00e0 la nature, leur permettant de pratiquer des sorts de gu\u00e9rison, de croissance, et de protection.<\/li>\n\n\n\n<li><strong>Harmonie avec les Satyres :<\/strong> Une capacit\u00e9 diplomatique et culturelle sp\u00e9ciale pour interagir et coop\u00e9rer avec les satyres, leurs alli\u00e9s naturels et politiques.<\/li>\n\n\n\n<li><strong>Artisanat Organique :<\/strong> Un talent pour cr\u00e9er des objets et des structures \u00e0 partir de mat\u00e9riaux naturels, tels que le bois, les lianes, et les feuilles, tout en pr\u00e9servant l&rsquo;int\u00e9grit\u00e9 de la for\u00eat.<\/li>\n\n\n\n<li><strong>Sagesse Sylvaine :<\/strong> Une sagesse profonde n\u00e9e de la vie en \u00e9troite connexion avec la nature, leur donnant une perspective unique sur l&rsquo;\u00e9quilibre \u00e9cologique et la vie.<\/li>\n\n\n\n<li><strong>Gu\u00e9rison Foresti\u00e8re :<\/strong> Une expertise en m\u00e9decines naturelles et en techniques de gu\u00e9rison utilisant les ressources de la jungle.<\/li>\n\n\n\n<li><strong>Chant de la Jungle :<\/strong> Une capacit\u00e9 \u00e0 utiliser la musique et le chant pour interagir avec l&rsquo;environnement de la jungle, influen\u00e7ant parfois la faune et la flore.<\/li>\n<\/ol>\n\n\n\n<figure class=\"wp-block-gallery has-nested-images columns-default is-cropped wp-block-gallery-1 is-layout-flex wp-block-gallery-is-layout-flex\">\n<figure class=\"wp-block-image size-large\"><img loading=\"lazy\" decoding=\"async\" width=\"585\" height=\"1024\" data-id=\"292\" src=\"https:\/\/tjurhane.com\/wp-content\/uploads\/2023\/12\/Elfe-Sylvain-F-585x1024.png\" alt=\"\" class=\"wp-image-292\" srcset=\"https:\/\/tjurhane.com\/wp-content\/uploads\/2023\/12\/Elfe-Sylvain-F-585x1024.png 585w, https:\/\/tjurhane.com\/wp-content\/uploads\/2023\/12\/Elfe-Sylvain-F-878x1536.png 878w, https:\/\/tjurhane.com\/wp-content\/uploads\/2023\/12\/Elfe-Sylvain-F-171x300.png 171w, https:\/\/tjurhane.com\/wp-content\/uploads\/2023\/12\/Elfe-Sylvain-F-768x1344.png 768w, https:\/\/tjurhane.com\/wp-content\/uploads\/2023\/12\/Elfe-Sylvain-F.png 1024w\" sizes=\"auto, (max-width: 585px) 100vw, 585px\" \/><\/figure>\n\n\n\n<figure class=\"wp-block-image size-large\"><img loading=\"lazy\" decoding=\"async\" width=\"585\" height=\"1024\" data-id=\"291\" src=\"https:\/\/tjurhane.com\/wp-content\/uploads\/2023\/12\/Elfe-Sylvain-H-585x1024.png\" alt=\"\" class=\"wp-image-291\" srcset=\"https:\/\/tjurhane.com\/wp-content\/uploads\/2023\/12\/Elfe-Sylvain-H-585x1024.png 585w, https:\/\/tjurhane.com\/wp-content\/uploads\/2023\/12\/Elfe-Sylvain-H-878x1536.png 878w, https:\/\/tjurhane.com\/wp-content\/uploads\/2023\/12\/Elfe-Sylvain-H-171x300.png 171w, https:\/\/tjurhane.com\/wp-content\/uploads\/2023\/12\/Elfe-Sylvain-H-768x1344.png 768w, https:\/\/tjurhane.com\/wp-content\/uploads\/2023\/12\/Elfe-Sylvain-H.png 1024w\" sizes=\"auto, (max-width: 585px) 100vw, 585px\" \/><\/figure>\n<\/figure>\n\n\n\n<p>Les Elfes Sylvains de Tjurhane, r\u00e9sidant dans la luxuriante et myst\u00e9rieuse r\u00e9gion sud-ouest du continent, dans les grandes jungles d&rsquo;Anon, repr\u00e9sentent une communion intime et profonde avec la nature. Ces \u00eatres gracieux et \u00e9l\u00e9gants ont \u00e9tabli leurs demeures dans un cadre harmonieux o\u00f9 l&rsquo;architecture et l&rsquo;\u00e9cosyst\u00e8me ne font qu&rsquo;un.<\/p>\n\n\n\n<p>Leurs cit\u00e9s, construites dans les canop\u00e9es des gigantesques arbres d&rsquo;Anon, sont des chefs-d&rsquo;\u0153uvre d&rsquo;architecture organique. Ces structures arboricoles sont si int\u00e9gr\u00e9es dans leur environnement naturel que, depuis le sol de la jungle, on ne peut ni voir le ciel ni toucher la terre. Les maisons et les temples des Elfes Sylvains sont suspendus entre les branches, reli\u00e9s par des ponts de lianes et des passerelles de bois. Ces constructions, \u00e0 la fois belles et pratiques, illustrent leur respect et leur d\u00e9votion pour la nature.<\/p>\n\n\n\n<p>Les Elfes Sylvains partagent leur domaine avec les hommes-b\u00eates, une cohabitation pacifique mais distante. En revanche, leur relation avec les satyres est beaucoup plus \u00e9troite. Ils partagent avec ces cr\u00e9atures des affinit\u00e9s sociales et politiques, forgeant des alliances bas\u00e9es sur le respect mutuel et des valeurs communes, en particulier le respect et la pr\u00e9servation de la nature.<\/p>\n\n\n\n<p>Physiquement, les Elfes Sylvains se distinguent par leur carrure fr\u00eale et leur teint h\u00e2l\u00e9, une adaptation \u00e0 la vie sous le couvert dense de la jungle. Ils sont souvent vus accompagn\u00e9s d&rsquo;animaux, t\u00e9moignant de leur lien profond avec la faune de leur habitat. Ces animaux ne sont pas de simples compagnons ; ils sont des amis, des guides et, dans certains cas, des gardiens spirituels.<\/p>\n\n\n\n<p>Les Elfes Sylvains sont \u00e9galement r\u00e9put\u00e9s pour leurs comp\u00e9tences en mati\u00e8re de gu\u00e9rison, de botanique et de magie li\u00e9e \u00e0 la nature. Leurs chamans et leurs druides jouent un r\u00f4le crucial dans la pr\u00e9servation de l&rsquo;\u00e9quilibre \u00e9cologique de la jungle et dans la guidance spirituelle de leur peuple.<\/p>\n\n\n\n<p>Dans l&rsquo;univers de Tjurhane, les Elfes Sylvains repr\u00e9sentent l&rsquo;harmonie et l&rsquo;\u00e9quilibre entre la civilisation et la nature sauvage. Leur existence dans les jungles d&rsquo;Anon est un rappel constant de la beaut\u00e9 et de la puissance de la nature, et de la capacit\u00e9 des races de Tjurhane \u00e0 vivre en symbiose avec leur environnement.<\/p>\n","protected":false},"excerpt":{"rendered":"<p>Origine\u00a0: Jungle d\u2019AnonDivinit\u00e9 v\u00e9n\u00e9r\u00e9\u00a0: Irinwe Immortelle de la cr\u00e9ation de la magie, de la nature et de la vie et Larnil Dieu de la chasse et du travail Don\u00a0: Les Elfes Sylvains de Tjurhane, r\u00e9sidant dans la luxuriante et myst\u00e9rieuse r\u00e9gion sud-ouest du continent, dans les grandes jungles d&rsquo;Anon, repr\u00e9sentent une communion intime et profonde [&hellip;]<\/p>\n","protected":false},"author":1,"featured_media":0,"parent":0,"menu_order":0,"comment_status":"closed","ping_status":"closed","template":"","meta":{"vkexunit_cta_each_option":"","footnotes":""},"class_list":["post-290","page","type-page","status-publish","hentry"],"_links":{"self":[{"href":"https:\/\/tjurhane.com\/index.php\/wp-json\/wp\/v2\/pages\/290","targetHints":{"allow":["GET"]}}],"collection":[{"href":"https:\/\/tjurhane.com\/index.php\/wp-json\/wp\/v2\/pages"}],"about":[{"href":"https:\/\/tjurhane.com\/index.php\/wp-json\/wp\/v2\/types\/page"}],"author":[{"embeddable":true,"href":"https:\/\/tjurhane.com\/index.php\/wp-json\/wp\/v2\/users\/1"}],"replies":[{"embeddable":true,"href":"https:\/\/tjurhane.com\/index.php\/wp-json\/wp\/v2\/comments?post=290"}],"version-history":[{"count":3,"href":"https:\/\/tjurhane.com\/index.php\/wp-json\/wp\/v2\/pages\/290\/revisions"}],"predecessor-version":[{"id":554,"href":"https:\/\/tjurhane.com\/index.php\/wp-json\/wp\/v2\/pages\/290\/revisions\/554"}],"wp:attachment":[{"href":"https:\/\/tjurhane.com\/index.php\/wp-json\/wp\/v2\/media?parent=290"}],"curies":[{"name":"wp","href":"https:\/\/api.w.org\/{rel}","templated":true}]}}