{"id":307,"date":"2023-12-27T21:12:59","date_gmt":"2023-12-27T20:12:59","guid":{"rendered":"https:\/\/tjurhane.com\/?page_id=307"},"modified":"2023-12-29T00:55:41","modified_gmt":"2023-12-28T23:55:41","slug":"orc-des-montagnes","status":"publish","type":"page","link":"https:\/\/tjurhane.com\/index.php\/orc-des-montagnes\/","title":{"rendered":"Orc des Montagnes"},"content":{"rendered":"\n<p>Origine\u00a0: R\u00e9gion de Ranatat et Verthicha<br>Divinit\u00e9 v\u00e9n\u00e9r\u00e9\u00a0: Acamas Dieu de la Paix<br><br>Don\u00a0:<\/p>\n\n\n\n<ol class=\"wp-block-list\">\n<li><strong>Sagesse de la Montagne :<\/strong> Un don de perspicacit\u00e9 et de sagesse, permettant aux Sages Orckar de guider leur peuple avec clart\u00e9 et vision, favorisant la paix et l&rsquo;harmonie.<\/li>\n\n\n\n<li><strong>Ma\u00eetrise de l&rsquo;Artisanat :<\/strong> Les Orckar Harmoniques excelles dans les arts et l&rsquo;artisanat, cr\u00e9ant des \u0153uvres d&rsquo;art magnifiques et des objets artisanaux qui refl\u00e8tent leur culture et leur connexion avec la nature.<\/li>\n\n\n\n<li><strong>Harmonie avec la Nature :<\/strong> Une capacit\u00e9 inn\u00e9e \u00e0 comprendre et \u00e0 respecter l&rsquo;environnement montagneux, les aidant \u00e0 vivre en symbiose avec la terre.<\/li>\n\n\n\n<li><strong>Musicien N\u00e9 :<\/strong> Un talent naturel pour la musique, qui joue un r\u00f4le central dans leur culture. Ils sont capables de cr\u00e9er et de jouer des m\u00e9lodies qui apaisent, inspirent et renforcent les liens communautaires.<\/li>\n\n\n\n<li><strong>Connaisseur des Montagnes :<\/strong> Une connaissance approfondie des terrains montagneux, leur permettant de naviguer facilement dans des conditions difficiles et de fournir un refuge strat\u00e9gique.<\/li>\n\n\n\n<li><strong>Diplomatie Pacifique :<\/strong> Les Orckar Harmoniques ont un don pour la diplomatie et les relations pacifiques, cherchant \u00e0 construire des ponts et \u00e0 r\u00e9soudre les conflits sans violence.<\/li>\n\n\n\n<li><strong>R\u00e9sistance \u00e0 l&rsquo;Altitude :<\/strong> Une adaptation physique \u00e0 la vie en haute altitude, leur donnant une r\u00e9sistance naturelle aux conditions difficiles des montagnes.<\/li>\n\n\n\n<li><strong>M\u00e9diateur Culturel :<\/strong> Leur ouverture aux \u00e9changes culturels avec les Nains et les Humains a renforc\u00e9 leur capacit\u00e9 \u00e0 comprendre et \u00e0 respecter les autres races.<\/li>\n\n\n\n<li><strong>Artiste Guerrier :<\/strong> Bien qu&rsquo;\u00e9pris de paix, les Orckar Harmoniques sont \u00e9galement capables de se d\u00e9fendre si n\u00e9cessaire, utilisant leur connaissance des montagnes et des tactiques non conventionnelles.<\/li>\n\n\n\n<li><strong>Gardien de l&rsquo;\u00c9quilibre :<\/strong> Une sensibilit\u00e9 spirituelle qui leur permet de d\u00e9tecter les perturbations dans l&rsquo;\u00e9quilibre naturel et d&rsquo;agir pour restaurer l&rsquo;harmonie.<\/li>\n<\/ol>\n\n\n\n<figure class=\"wp-block-gallery has-nested-images columns-default is-cropped wp-block-gallery-1 is-layout-flex wp-block-gallery-is-layout-flex\">\n<figure class=\"wp-block-image size-large\"><img loading=\"lazy\" decoding=\"async\" width=\"585\" height=\"1024\" data-id=\"308\" src=\"https:\/\/tjurhane.com\/wp-content\/uploads\/2023\/12\/Orc-des-Montagnes-F-585x1024.png\" alt=\"\" class=\"wp-image-308\" srcset=\"https:\/\/tjurhane.com\/wp-content\/uploads\/2023\/12\/Orc-des-Montagnes-F-585x1024.png 585w, https:\/\/tjurhane.com\/wp-content\/uploads\/2023\/12\/Orc-des-Montagnes-F-878x1536.png 878w, https:\/\/tjurhane.com\/wp-content\/uploads\/2023\/12\/Orc-des-Montagnes-F-171x300.png 171w, https:\/\/tjurhane.com\/wp-content\/uploads\/2023\/12\/Orc-des-Montagnes-F-768x1344.png 768w, https:\/\/tjurhane.com\/wp-content\/uploads\/2023\/12\/Orc-des-Montagnes-F.png 1024w\" sizes=\"auto, (max-width: 585px) 100vw, 585px\" \/><\/figure>\n\n\n\n<figure class=\"wp-block-image size-large\"><img loading=\"lazy\" decoding=\"async\" width=\"585\" height=\"1024\" data-id=\"309\" src=\"https:\/\/tjurhane.com\/wp-content\/uploads\/2023\/12\/Orc-des-Montagnes-H-585x1024.png\" alt=\"\" class=\"wp-image-309\" srcset=\"https:\/\/tjurhane.com\/wp-content\/uploads\/2023\/12\/Orc-des-Montagnes-H-585x1024.png 585w, https:\/\/tjurhane.com\/wp-content\/uploads\/2023\/12\/Orc-des-Montagnes-H-878x1536.png 878w, https:\/\/tjurhane.com\/wp-content\/uploads\/2023\/12\/Orc-des-Montagnes-H-171x300.png 171w, https:\/\/tjurhane.com\/wp-content\/uploads\/2023\/12\/Orc-des-Montagnes-H-768x1344.png 768w, https:\/\/tjurhane.com\/wp-content\/uploads\/2023\/12\/Orc-des-Montagnes-H.png 1024w\" sizes=\"auto, (max-width: 585px) 100vw, 585px\" \/><\/figure>\n<\/figure>\n\n\n\n<p>Au sein des montagnes escarp\u00e9es de Ranatat et de Verthicha, loin des vastes plateaux du continent ouest, r\u00e9side une tribu unique d&rsquo;Orcs connue sous le nom des Orckar Harmoniques. Ces Orcs se distinguent radicalement de leurs cousins belliqueux des plaines. \u00c9pris de paix et de sagesse, ils ont forg\u00e9 une soci\u00e9t\u00e9 qui se d\u00e9marque tant par ses valeurs que par ses pratiques.<\/p>\n\n\n\n<p>N\u00e9s dans l&rsquo;ombre majestueuse des montagnes, les Orckar Harmoniques ont d\u00e9velopp\u00e9 une philosophie centr\u00e9e sur l&rsquo;harmonie avec la nature et les autres races. Ils vivent sous la guidance de leurs \u00ab\u00a0Sages\u00a0\u00bb, des leaders choisis non pour leur force au combat, mais pour leur sagesse et leur capacit\u00e9 \u00e0 incarner les id\u00e9aux de la tribu. Ces Sages sont respect\u00e9s pour leur vision \u00e9clair\u00e9e, guidant les Orckar dans une voie de coexistence pacifique.<\/p>\n\n\n\n<p>L&rsquo;art et la musique occupent une place centrale dans la culture des Orckar Harmoniques. \u00c0 l&rsquo;oppos\u00e9 de l&rsquo;image st\u00e9r\u00e9otyp\u00e9e des Orcs guerriers, ils c\u00e9l\u00e8brent la vie \u00e0 travers des expressions cr\u00e9atives, consid\u00e9rant que l&rsquo;art nourrit l&rsquo;\u00e2me et renforce les liens communautaires. Les \u00e9changes culturels avec les Nains et les Humains ont enrichi leur art et leur artisanat, t\u00e9moignant de leur volont\u00e9 d&rsquo;apprendre et de grandir avec les autres peuples.<\/p>\n\n\n\n<p>Face \u00e0 la mont\u00e9e du mage noir dans Ranatat, les Orckar Harmoniques se positionnent en opposition ferme. La qu\u00eate de pouvoir de ce dernier repr\u00e9sente une menace directe \u00e0 l&rsquo;\u00e9quilibre qu&rsquo;ils ch\u00e9rissent. En d\u00e9pit de leur nature pacifique, ils sont pr\u00eats \u00e0 jouer un r\u00f4le crucial dans la r\u00e9sistance, en partageant leur connaissance strat\u00e9gique des montagnes et en offrant refuge aux races menac\u00e9es.<\/p>\n\n\n\n<p>Physiquement, ces Orcs des montagnes se distinguent par leur peau l\u00e9g\u00e8rement plus claire, une adaptation \u00e0 la vie en haute altitude. Leurs corps sont souvent orn\u00e9s de tatouages et de peintures symbolisant leurs croyances et leur connexion \u00e0 la terre.<\/p>\n\n\n\n<p>Les Orckar Harmoniques, avec leur culture unique et leur positionnement strat\u00e9gique, offrent un contraste fascinant aux autres Orcs du continent. Leur existence met en lumi\u00e8re la diversit\u00e9 au sein d&rsquo;une m\u00eame race et enrichit le tissu complexe du monde de Tjurhane, o\u00f9 diff\u00e9rentes cultures et croyances coexistent et se confrontent.<\/p>\n","protected":false},"excerpt":{"rendered":"<p>Origine\u00a0: R\u00e9gion de Ranatat et VerthichaDivinit\u00e9 v\u00e9n\u00e9r\u00e9\u00a0: Acamas Dieu de la Paix Don\u00a0: Au sein des montagnes escarp\u00e9es de Ranatat et de Verthicha, loin des vastes plateaux du continent ouest, r\u00e9side une tribu unique d&rsquo;Orcs connue sous le nom des Orckar Harmoniques. Ces Orcs se distinguent radicalement de leurs cousins belliqueux des plaines. \u00c9pris de [&hellip;]<\/p>\n","protected":false},"author":1,"featured_media":0,"parent":0,"menu_order":0,"comment_status":"closed","ping_status":"closed","template":"","meta":{"vkexunit_cta_each_option":"","footnotes":""},"class_list":["post-307","page","type-page","status-publish","hentry"],"_links":{"self":[{"href":"https:\/\/tjurhane.com\/index.php\/wp-json\/wp\/v2\/pages\/307","targetHints":{"allow":["GET"]}}],"collection":[{"href":"https:\/\/tjurhane.com\/index.php\/wp-json\/wp\/v2\/pages"}],"about":[{"href":"https:\/\/tjurhane.com\/index.php\/wp-json\/wp\/v2\/types\/page"}],"author":[{"embeddable":true,"href":"https:\/\/tjurhane.com\/index.php\/wp-json\/wp\/v2\/users\/1"}],"replies":[{"embeddable":true,"href":"https:\/\/tjurhane.com\/index.php\/wp-json\/wp\/v2\/comments?post=307"}],"version-history":[{"count":2,"href":"https:\/\/tjurhane.com\/index.php\/wp-json\/wp\/v2\/pages\/307\/revisions"}],"predecessor-version":[{"id":545,"href":"https:\/\/tjurhane.com\/index.php\/wp-json\/wp\/v2\/pages\/307\/revisions\/545"}],"wp:attachment":[{"href":"https:\/\/tjurhane.com\/index.php\/wp-json\/wp\/v2\/media?parent=307"}],"curies":[{"name":"wp","href":"https:\/\/api.w.org\/{rel}","templated":true}]}}