{"id":318,"date":"2023-12-27T21:20:24","date_gmt":"2023-12-27T20:20:24","guid":{"rendered":"https:\/\/tjurhane.com\/?page_id=318"},"modified":"2023-12-29T10:46:24","modified_gmt":"2023-12-29T09:46:24","slug":"scielf","status":"publish","type":"page","link":"https:\/\/tjurhane.com\/index.php\/scielf\/","title":{"rendered":"Scielf"},"content":{"rendered":"\n<p>Origine\u00a0: Sous-sol de Me\u00efva et Montagnes d&rsquo;Eden<br>Divinit\u00e9 v\u00e9n\u00e9r\u00e9\u00a0: Lorkhan Immortel du temps et du savoir<br><br>Don\u00a0:<\/p>\n\n\n\n<ol class=\"wp-block-list\">\n<li><strong>Ing\u00e9nierie Avanc\u00e9e :<\/strong> Un talent inn\u00e9 pour la cr\u00e9ation d&rsquo;automates et d&rsquo;autres technologies complexes, faisant des Scielfs des ma\u00eetres en m\u00e9canique et en ing\u00e9nierie.<\/li>\n\n\n\n<li><strong>Adaptation Souterraine :<\/strong> Une capacit\u00e9 naturelle \u00e0 vivre et \u00e0 prosp\u00e9rer dans les environnements souterrains, y compris une vision am\u00e9lior\u00e9e dans l&rsquo;obscurit\u00e9 et une r\u00e9sistance aux pressions et conditions uniques des profondeurs.<\/li>\n\n\n\n<li><strong>M\u00e9moire des Anciens :<\/strong> Un don pour conserver et interpr\u00e9ter les savoirs anciens et les secrets perdus de leur civilisation, en particulier ceux li\u00e9s \u00e0 leur technologie avanc\u00e9e.<\/li>\n\n\n\n<li><strong>Ma\u00eetrise des Cristaux :<\/strong> Une comp\u00e9tence sp\u00e9ciale dans l&rsquo;utilisation de cristaux pour l&rsquo;\u00e9nergie, l&rsquo;illumination et d&rsquo;autres applications magiques et technologiques.<\/li>\n\n\n\n<li><strong>Solitude Sto\u00efque :<\/strong> Une capacit\u00e9 \u00e0 endurer la solitude et l&rsquo;isolement, une cons\u00e9quence de leur vie dans les cit\u00e9s souterraines d\u00e9vast\u00e9es.<\/li>\n\n\n\n<li><strong>Architecte Souterrain :<\/strong> Les Scielfs sont dou\u00e9s pour la conception et la construction d&rsquo;architectures souterraines complexes, utilisant l&rsquo;espace de mani\u00e8re efficace et cr\u00e9ative.<\/li>\n\n\n\n<li><strong>D\u00e9fense Automatis\u00e9e :<\/strong> Une aptitude \u00e0 cr\u00e9er et \u00e0 maintenir des syst\u00e8mes de d\u00e9fense automatis\u00e9s pour prot\u00e9ger leurs cit\u00e9s et leurs secrets.<\/li>\n\n\n\n<li><strong>R\u00e9sistance aux Cataclysmes :<\/strong> Une r\u00e9silience naturelle face aux d\u00e9sastres et aux changements soudains, un trait d\u00e9velopp\u00e9 \u00e0 la suite du cataclysme qui a ravag\u00e9 leurs cit\u00e9s.<\/li>\n\n\n\n<li><strong>Communication Silencieuse :<\/strong> Une capacit\u00e9 \u00e0 communiquer efficacement dans le silence et les t\u00e9n\u00e8bres des profondeurs, utilisant des signaux non verbaux ou des moyens de communication technologiques.<\/li>\n\n\n\n<li><strong>Sagesse Cach\u00e9e :<\/strong> Une profonde sagesse et une compr\u00e9hension des myst\u00e8res du monde, acquises \u00e0 travers les si\u00e8cles d&rsquo;\u00e9tude et d&rsquo;exploration dans les profondeurs.<\/li>\n<\/ol>\n\n\n\n<figure class=\"wp-block-gallery has-nested-images columns-default is-cropped wp-block-gallery-1 is-layout-flex wp-block-gallery-is-layout-flex\">\n<figure class=\"wp-block-image size-large\"><img loading=\"lazy\" decoding=\"async\" width=\"585\" height=\"1024\" data-id=\"319\" src=\"https:\/\/tjurhane.com\/wp-content\/uploads\/2023\/12\/Scielf-F-585x1024.png\" alt=\"\" class=\"wp-image-319\" srcset=\"https:\/\/tjurhane.com\/wp-content\/uploads\/2023\/12\/Scielf-F-585x1024.png 585w, https:\/\/tjurhane.com\/wp-content\/uploads\/2023\/12\/Scielf-F-878x1536.png 878w, https:\/\/tjurhane.com\/wp-content\/uploads\/2023\/12\/Scielf-F-171x300.png 171w, https:\/\/tjurhane.com\/wp-content\/uploads\/2023\/12\/Scielf-F-768x1344.png 768w, https:\/\/tjurhane.com\/wp-content\/uploads\/2023\/12\/Scielf-F.png 1024w\" sizes=\"auto, (max-width: 585px) 100vw, 585px\" \/><\/figure>\n\n\n\n<figure class=\"wp-block-image size-large\"><img loading=\"lazy\" decoding=\"async\" width=\"585\" height=\"1024\" data-id=\"320\" src=\"https:\/\/tjurhane.com\/wp-content\/uploads\/2023\/12\/Scielf-H-585x1024.png\" alt=\"\" class=\"wp-image-320\" srcset=\"https:\/\/tjurhane.com\/wp-content\/uploads\/2023\/12\/Scielf-H-585x1024.png 585w, https:\/\/tjurhane.com\/wp-content\/uploads\/2023\/12\/Scielf-H-878x1536.png 878w, https:\/\/tjurhane.com\/wp-content\/uploads\/2023\/12\/Scielf-H-171x300.png 171w, https:\/\/tjurhane.com\/wp-content\/uploads\/2023\/12\/Scielf-H-768x1344.png 768w, https:\/\/tjurhane.com\/wp-content\/uploads\/2023\/12\/Scielf-H.png 1024w\" sizes=\"auto, (max-width: 585px) 100vw, 585px\" \/><\/figure>\n<\/figure>\n\n\n\n<p><br>Les Scielfs, descendants \u00e9nigmatiques et innovants des Eldars, constituent une fascinante race dans le monde de Tjurhane. Lorsque les Eldars ont colonis\u00e9 Me\u00efva, un groupe d&rsquo;entre eux, attir\u00e9s par la richesse des ressources cach\u00e9es dans les entrailles de la plan\u00e8te, s&rsquo;est aventur\u00e9 dans les profondeurs. Cette qu\u00eate de connaissance et de richesse les a transform\u00e9s de mani\u00e8re irr\u00e9versible, tant physiquement que culturellement.<\/p>\n\n\n\n<p>S&rsquo;\u00e9loignant de leurs fr\u00e8res de la surface, les Scielfs se sont adapt\u00e9s \u00e0 la vie souterraine. Leur exposition prolong\u00e9e aux t\u00e9n\u00e8bres et aux \u00e9nergies myst\u00e9rieuses des profondeurs les a chang\u00e9, rendant leur peau violac\u00e9e et leurs yeux sensibles \u00e0 la lumi\u00e8re crue du soleil. Cette transformation les a isol\u00e9s, et avec le temps, ils ont \u00e9t\u00e9 oubli\u00e9s ou m\u00e9connus de leurs cousins de la surface.<\/p>\n\n\n\n<p>Dans les t\u00e9n\u00e8bres, les Scielfs ont b\u00e2ti d&rsquo;impressionnantes cit\u00e9s souterraines, des merveilles d&rsquo;architecture et de technologie. Ils sont devenus des ma\u00eetres dans la cr\u00e9ation d&rsquo;automates et d&rsquo;autres inventions avanc\u00e9es, surpassant de loin le reste du monde en termes d&rsquo;ing\u00e9nierie et de technologie magique. Ces cit\u00e9s souterraines sont des labyrinthes complexes, illumin\u00e9s par des cristaux magiques et des sources de lumi\u00e8re artificielles, abritant des merveilles de technologie et d&rsquo;artisanat.<\/p>\n\n\n\n<p>Leur isolement a \u00e9t\u00e9 scell\u00e9 par un grand cataclysme qui a d\u00e9vast\u00e9 la majorit\u00e9 de leurs cit\u00e9s. Ce d\u00e9sastre a r\u00e9duit drastiquement leur population, ne laissant derri\u00e8re lui que quelques survivants et les automates qu&rsquo;ils avaient cr\u00e9\u00e9s. Ces machines continuent de garder les ruines de leurs cit\u00e9s, prot\u00e9geant les secrets et les tr\u00e9sors des Scielfs contre les intrus et le temps.<\/p>\n\n\n\n<p>Les rares Scielfs qui subsistent sont devenus des \u00eatres presque mythiques, des l\u00e9gendes racont\u00e9es dans les histoires et les chansons. Peu ont eu l&rsquo;occasion de les voir, et encore moins de comprendre les profondeurs de leur savoir et de leur culture.<\/p>\n\n\n\n<p>Dans l&rsquo;univers de Tjurhane, les Scielfs repr\u00e9sentent un myst\u00e8re captivant, un rappel que m\u00eame les civilisations les plus avanc\u00e9es peuvent \u00eatre perdues et oubli\u00e9es. Leur histoire est une m\u00e9ditation sur la qu\u00eate de la connaissance, les cons\u00e9quences de l&rsquo;isolement, et la survie face \u00e0 l&rsquo;adversit\u00e9, enrichissant le monde de Tjurhane avec leur h\u00e9ritage \u00e9nigmatique et leur technologie perdue.<\/p>\n","protected":false},"excerpt":{"rendered":"<p>Origine\u00a0: Sous-sol de Me\u00efva et Montagnes d&rsquo;EdenDivinit\u00e9 v\u00e9n\u00e9r\u00e9\u00a0: Lorkhan Immortel du temps et du savoir Don\u00a0: Les Scielfs, descendants \u00e9nigmatiques et innovants des Eldars, constituent une fascinante race dans le monde de Tjurhane. Lorsque les Eldars ont colonis\u00e9 Me\u00efva, un groupe d&rsquo;entre eux, attir\u00e9s par la richesse des ressources cach\u00e9es dans les entrailles de la [&hellip;]<\/p>\n","protected":false},"author":1,"featured_media":0,"parent":0,"menu_order":0,"comment_status":"closed","ping_status":"closed","template":"","meta":{"vkexunit_cta_each_option":"","footnotes":""},"class_list":["post-318","page","type-page","status-publish","hentry"],"_links":{"self":[{"href":"https:\/\/tjurhane.com\/index.php\/wp-json\/wp\/v2\/pages\/318","targetHints":{"allow":["GET"]}}],"collection":[{"href":"https:\/\/tjurhane.com\/index.php\/wp-json\/wp\/v2\/pages"}],"about":[{"href":"https:\/\/tjurhane.com\/index.php\/wp-json\/wp\/v2\/types\/page"}],"author":[{"embeddable":true,"href":"https:\/\/tjurhane.com\/index.php\/wp-json\/wp\/v2\/users\/1"}],"replies":[{"embeddable":true,"href":"https:\/\/tjurhane.com\/index.php\/wp-json\/wp\/v2\/comments?post=318"}],"version-history":[{"count":6,"href":"https:\/\/tjurhane.com\/index.php\/wp-json\/wp\/v2\/pages\/318\/revisions"}],"predecessor-version":[{"id":581,"href":"https:\/\/tjurhane.com\/index.php\/wp-json\/wp\/v2\/pages\/318\/revisions\/581"}],"wp:attachment":[{"href":"https:\/\/tjurhane.com\/index.php\/wp-json\/wp\/v2\/media?parent=318"}],"curies":[{"name":"wp","href":"https:\/\/api.w.org\/{rel}","templated":true}]}}