{"id":357,"date":"2023-12-27T22:05:28","date_gmt":"2023-12-27T21:05:28","guid":{"rendered":"https:\/\/tjurhane.com\/?page_id=357"},"modified":"2023-12-29T10:33:44","modified_gmt":"2023-12-29T09:33:44","slug":"gorgone","status":"publish","type":"page","link":"https:\/\/tjurhane.com\/index.php\/gorgone\/","title":{"rendered":"Gorgone"},"content":{"rendered":"\n<p>Origine\u00a0: Marais de Vixarth<br>Divinit\u00e9 v\u00e9n\u00e9r\u00e9\u00a0: Arstul D\u00e9mon des complots et du meurtre et Despina D\u00e9mon du bannissement et de la trahison<br><br>Don\u00a0:<\/p>\n\n\n\n<ol class=\"wp-block-list\">\n<li><strong>Regard P\u00e9trifiant :<\/strong> La capacit\u00e9 embl\u00e9matique des Gorgones \u00e0 figer leurs cibles en les regardant dans les yeux, transformant leurs victimes en statues de pierre.<\/li>\n\n\n\n<li><strong>Ma\u00eetrise des Marais :<\/strong> Une aptitude \u00e0 naviguer et \u00e0 survivre dans les marais de Vixarth, utilisant l&rsquo;environnement \u00e0 leur avantage pour la chasse et la d\u00e9fense.<\/li>\n\n\n\n<li><strong>Manipulation Tentaculaire :<\/strong> L&rsquo;utilisation de leurs tentacules serpentins pour manipuler des objets, attaquer des adversaires ou r\u00e9aliser des t\u00e2ches complexes.<\/li>\n\n\n\n<li><strong>Adaptation Aquatique :<\/strong> Une capacit\u00e9 \u00e0 vivre et \u00e0 se d\u00e9placer ais\u00e9ment dans des environnements aquatiques, leur permettant de chasser et de se cacher sous l&rsquo;eau.<\/li>\n\n\n\n<li><strong>Strat\u00e9gie et Diplomatie :<\/strong> Des comp\u00e9tences en mati\u00e8re de strat\u00e9gie et de diplomatie, d\u00e9montr\u00e9es par leur alliance avec les Elfes noirs et leur possible implication avec le grand mage noir.<\/li>\n\n\n\n<li><strong>Immunit\u00e9 aux Illusions :<\/strong> Une r\u00e9sistance naturelle aux illusions et aux manipulations magiques, une cons\u00e9quence de leur nature mystique.<\/li>\n\n\n\n<li><strong>Sensibilit\u00e9 aux \u00c9nergies Magiques :<\/strong> Une perception aiguis\u00e9e des \u00e9nergies magiques, leur permettant de d\u00e9tecter la magie et les \u00eatres magiques \u00e0 proximit\u00e9.<\/li>\n\n\n\n<li><strong>Camouflage des Marais :<\/strong> Une capacit\u00e9 \u00e0 se camoufler dans leur environnement naturel, se fondant presque parfaitement dans les marais.<\/li>\n\n\n\n<li><strong>Chant des Profondeurs :<\/strong> Un don myst\u00e9rieux qui leur permet de communiquer ou de cr\u00e9er des effets hypnotiques \u00e0 travers des chants \u00e9nigmatiques.<\/li>\n\n\n\n<li><strong>Vision Nocturne :<\/strong> Une vision adapt\u00e9e \u00e0 la faible luminosit\u00e9 des marais, leur permettant de voir clairement dans des conditions de faible \u00e9clairage.<\/li>\n<\/ol>\n\n\n\n<figure class=\"wp-block-gallery has-nested-images columns-default is-cropped wp-block-gallery-1 is-layout-flex wp-block-gallery-is-layout-flex\">\n<figure class=\"wp-block-image size-large\"><img loading=\"lazy\" decoding=\"async\" width=\"585\" height=\"1024\" data-id=\"358\" src=\"https:\/\/tjurhane.com\/wp-content\/uploads\/2023\/12\/Gorgone-F-585x1024.png\" alt=\"\" class=\"wp-image-358\" srcset=\"https:\/\/tjurhane.com\/wp-content\/uploads\/2023\/12\/Gorgone-F-585x1024.png 585w, https:\/\/tjurhane.com\/wp-content\/uploads\/2023\/12\/Gorgone-F-878x1536.png 878w, https:\/\/tjurhane.com\/wp-content\/uploads\/2023\/12\/Gorgone-F-171x300.png 171w, https:\/\/tjurhane.com\/wp-content\/uploads\/2023\/12\/Gorgone-F-768x1344.png 768w, https:\/\/tjurhane.com\/wp-content\/uploads\/2023\/12\/Gorgone-F.png 1024w\" sizes=\"auto, (max-width: 585px) 100vw, 585px\" \/><\/figure>\n\n\n\n<figure class=\"wp-block-image size-large\"><img loading=\"lazy\" decoding=\"async\" width=\"585\" height=\"1024\" data-id=\"359\" src=\"https:\/\/tjurhane.com\/wp-content\/uploads\/2023\/12\/Gorgone-H-585x1024.png\" alt=\"\" class=\"wp-image-359\" srcset=\"https:\/\/tjurhane.com\/wp-content\/uploads\/2023\/12\/Gorgone-H-585x1024.png 585w, https:\/\/tjurhane.com\/wp-content\/uploads\/2023\/12\/Gorgone-H-878x1536.png 878w, https:\/\/tjurhane.com\/wp-content\/uploads\/2023\/12\/Gorgone-H-171x300.png 171w, https:\/\/tjurhane.com\/wp-content\/uploads\/2023\/12\/Gorgone-H-768x1344.png 768w, https:\/\/tjurhane.com\/wp-content\/uploads\/2023\/12\/Gorgone-H.png 1024w\" sizes=\"auto, (max-width: 585px) 100vw, 585px\" \/><\/figure>\n<\/figure>\n\n\n\n<p><br>Les Gorgones, myst\u00e9rieuses et redoutables, sont des entit\u00e9s semi-aquatiques qui hantent les marais brumeux de Vixarth. Ces cr\u00e9atures, \u00e0 la fois fascinantes et terrifiantes, sont un m\u00e9lange intrigant de beaut\u00e9 et de danger dans l&rsquo;univers de Tjurhane.<\/p>\n\n\n\n<p>Leur habitat naturel, les marais de Vixarth, est un lieu de myst\u00e8res et d&rsquo;ombres, o\u00f9 l&rsquo;eau se m\u00eale \u00e0 la terre dans un labyrinthe de canaux et de v\u00e9g\u00e9tation dense. C&rsquo;est dans ces recoins sombres et humides que les Gorgones ont \u00e9tabli leur domaine, utilisant l&rsquo;environnement \u00e0 leur avantage pour chasser et se prot\u00e9ger.<\/p>\n\n\n\n<p>Visuellement, les Gorgones sont des cr\u00e9atures d&rsquo;une beaut\u00e9 envo\u00fbtante et inqui\u00e9tante. Leur caract\u00e9ristique la plus distinctive est leur chevelure de tentacules serpentines, qui ondoie et se meut avec une vie propre. Ces tentacules ne sont pas seulement un ornement ; ils sont une extension de leur \u00eatre, utilis\u00e9s pour la manipulation, la d\u00e9fense et, selon certaines l\u00e9gendes, pour des rituels myst\u00e9rieux.<\/p>\n\n\n\n<p>L&rsquo;une des capacit\u00e9s les plus redout\u00e9es des Gorgones est leur regard p\u00e9trifiant. En croisant leur regard, les victimes se trouvent fig\u00e9es sur place, transform\u00e9es en statue de pierre, une arme mortelle qui fait des Gorgones des adversaires terrifiants au combat.<\/p>\n\n\n\n<p>Les alliances des Gorgones sont aussi complexes que leur nature. Leur pacte avec les Elfes noirs, visant \u00e0 \u00e9tendre leur territoire aux d\u00e9pens du Royaume des Hauts-elfes, montre leur intelligence et leur strat\u00e9gie dans le jeu politique de Tjurhane. Cette alliance est un t\u00e9moignage de leur volont\u00e9 de puissance et d&rsquo;influence, bien au-del\u00e0 des limites de leurs marais nataux.<\/p>\n\n\n\n<p>Des rumeurs circulent \u00e9galement sur leur implication dans les rangs du grand mage noir, une preuve suppl\u00e9mentaire de leur impact dans les affaires politiques et magiques du monde. Toutefois, la v\u00e9racit\u00e9 de ces rumeurs reste envelopp\u00e9e de myst\u00e8re, ajoutant une couche de mysticisme et d&rsquo;intrigue \u00e0 leur lore.<\/p>\n\n\n\n<p>Dans l&rsquo;univers de Tjurhane, les Gorgones sont un exemple fascinant de la diversit\u00e9 et de la complexit\u00e9 des cr\u00e9atures qui peuplent ce monde. Leur existence soul\u00e8ve des questions sur la nature du pouvoir, de la beaut\u00e9 et du danger, offrant une richesse de r\u00e9cits et de l\u00e9gendes \u00e0 explorer.<\/p>\n","protected":false},"excerpt":{"rendered":"<p>Origine\u00a0: Marais de VixarthDivinit\u00e9 v\u00e9n\u00e9r\u00e9\u00a0: Arstul D\u00e9mon des complots et du meurtre et Despina D\u00e9mon du bannissement et de la trahison Don\u00a0: Les Gorgones, myst\u00e9rieuses et redoutables, sont des entit\u00e9s semi-aquatiques qui hantent les marais brumeux de Vixarth. Ces cr\u00e9atures, \u00e0 la fois fascinantes et terrifiantes, sont un m\u00e9lange intrigant de beaut\u00e9 et de danger [&hellip;]<\/p>\n","protected":false},"author":1,"featured_media":0,"parent":0,"menu_order":0,"comment_status":"closed","ping_status":"closed","template":"","meta":{"vkexunit_cta_each_option":"","footnotes":""},"class_list":["post-357","page","type-page","status-publish","hentry"],"_links":{"self":[{"href":"https:\/\/tjurhane.com\/index.php\/wp-json\/wp\/v2\/pages\/357","targetHints":{"allow":["GET"]}}],"collection":[{"href":"https:\/\/tjurhane.com\/index.php\/wp-json\/wp\/v2\/pages"}],"about":[{"href":"https:\/\/tjurhane.com\/index.php\/wp-json\/wp\/v2\/types\/page"}],"author":[{"embeddable":true,"href":"https:\/\/tjurhane.com\/index.php\/wp-json\/wp\/v2\/users\/1"}],"replies":[{"embeddable":true,"href":"https:\/\/tjurhane.com\/index.php\/wp-json\/wp\/v2\/comments?post=357"}],"version-history":[{"count":2,"href":"https:\/\/tjurhane.com\/index.php\/wp-json\/wp\/v2\/pages\/357\/revisions"}],"predecessor-version":[{"id":576,"href":"https:\/\/tjurhane.com\/index.php\/wp-json\/wp\/v2\/pages\/357\/revisions\/576"}],"wp:attachment":[{"href":"https:\/\/tjurhane.com\/index.php\/wp-json\/wp\/v2\/media?parent=357"}],"curies":[{"name":"wp","href":"https:\/\/api.w.org\/{rel}","templated":true}]}}