{"id":407,"date":"2023-12-27T22:48:31","date_gmt":"2023-12-27T21:48:31","guid":{"rendered":"https:\/\/tjurhane.com\/?page_id=407"},"modified":"2023-12-31T01:16:04","modified_gmt":"2023-12-31T00:16:04","slug":"shunmaos","status":"publish","type":"page","link":"https:\/\/tjurhane.com\/index.php\/shunmaos\/","title":{"rendered":"Shunmaos"},"content":{"rendered":"\n<p>Origine : Plan de Pandaria<br>Divinit\u00e9 v\u00e9n\u00e9r\u00e9 : Irinwe Immortelle de la cr\u00e9ation, de la magie, de la nature et de la vie<\/p>\n\n\n\n<p>Don :<\/p>\n\n\n\n<ol class=\"wp-block-list\">\n<li><strong>Brume de Pandaria<\/strong> : Une fois par jour, le personnage peut invoquer un brouillard mystique semblable \u00e0 celui enveloppant les terres de Pandaria. Ce brouillard peut \u00eatre utilis\u00e9 pour se camoufler ou d\u00e9sorienter les ennemis.<\/li>\n\n\n\n<li><strong>Gr\u00e2ce du Panda<\/strong> : Les mouvements du personnage sont fluides et gracieux, donnant un bonus aux tests d&rsquo;acrobatie et aux comp\u00e9tences de combat \u00e0 mains nues.<\/li>\n\n\n\n<li><strong>M\u00e9ditation du Lotus<\/strong> : Le personnage peut entrer dans un \u00e9tat m\u00e9ditatif profond, acc\u00e9l\u00e9rant la gu\u00e9rison et fournissant une r\u00e9sistance temporaire aux effets mentaux et \u00e9motionnels.<\/li>\n\n\n\n<li><strong>C\u0153ur de Bambou<\/strong> : Une r\u00e9silience inn\u00e9e conf\u00e8re au personnage une r\u00e9sistance suppl\u00e9mentaire aux d\u00e9g\u00e2ts et une capacit\u00e9 \u00e0 se remettre des coups critiques plus rapidement.<\/li>\n\n\n\n<li><strong>Sagesse de Li<\/strong> : Le personnage a acc\u00e8s \u00e0 des connaissances ancestrales, lui permettant de b\u00e9n\u00e9ficier d&rsquo;un bonus aux tests de sagesse ou de connaissances.<\/li>\n\n\n\n<li><strong>Danse du Zh\u00e0n P\u00e1o<\/strong> : Une technique de combat sp\u00e9cialis\u00e9e qui permet d&rsquo;effectuer une s\u00e9rie de coups rapides et puissants, \u00e9quilibrant attaque et d\u00e9fense.<\/li>\n\n\n\n<li><strong>Cultivateur de l\u2019Harmonie<\/strong> : Le personnage poss\u00e8de une affinit\u00e9 unique avec la nature, lui conf\u00e9rant des avantages lors de la culture de plantes ou l&rsquo;utilisation de ressources naturelles.<\/li>\n\n\n\n<li><strong>\u00c9clat Dor\u00e9<\/strong> : Durant la Conjonction d&rsquo;Or, le personnage brille d&rsquo;un \u00e9clat dor\u00e9 qui peut inspirer et motiver les alli\u00e9s tout en intimidant les ennemis.<\/li>\n\n\n\n<li><strong>Ambassadeur de Pandaria<\/strong> : Le personnage b\u00e9n\u00e9ficie d&rsquo;un charisme naturel et de comp\u00e9tences diplomatiques accrues lors des interactions avec des cr\u00e9atures d&rsquo;autres Plans pendant la Conjonction d&rsquo;Or.<\/li>\n\n\n\n<li><strong>Ma\u00eetre Artisan du Marbre Dor\u00e9<\/strong> : Le personnage a la capacit\u00e9 de travailler le marbre sp\u00e9cial de la cit\u00e9 des Shunmaos, permettant de cr\u00e9er des objets ou des structures d&rsquo;une grande beaut\u00e9 et solidit\u00e9.<\/li>\n<\/ol>\n\n\n\n<figure class=\"wp-block-gallery has-nested-images columns-default is-cropped wp-block-gallery-1 is-layout-flex wp-block-gallery-is-layout-flex\">\n<figure class=\"wp-block-image size-large\"><img loading=\"lazy\" decoding=\"async\" width=\"585\" height=\"1024\" data-id=\"408\" src=\"https:\/\/tjurhane.com\/wp-content\/uploads\/2023\/12\/Shunmaos-F-585x1024.png\" alt=\"\" class=\"wp-image-408\" srcset=\"https:\/\/tjurhane.com\/wp-content\/uploads\/2023\/12\/Shunmaos-F-585x1024.png 585w, https:\/\/tjurhane.com\/wp-content\/uploads\/2023\/12\/Shunmaos-F-878x1536.png 878w, https:\/\/tjurhane.com\/wp-content\/uploads\/2023\/12\/Shunmaos-F-171x300.png 171w, https:\/\/tjurhane.com\/wp-content\/uploads\/2023\/12\/Shunmaos-F-768x1344.png 768w, https:\/\/tjurhane.com\/wp-content\/uploads\/2023\/12\/Shunmaos-F.png 1024w\" sizes=\"auto, (max-width: 585px) 100vw, 585px\" \/><\/figure>\n\n\n\n<figure class=\"wp-block-image size-large\"><img loading=\"lazy\" decoding=\"async\" width=\"585\" height=\"1024\" data-id=\"409\" src=\"https:\/\/tjurhane.com\/wp-content\/uploads\/2023\/12\/Shunmaos-H-585x1024.png\" alt=\"\" class=\"wp-image-409\" srcset=\"https:\/\/tjurhane.com\/wp-content\/uploads\/2023\/12\/Shunmaos-H-585x1024.png 585w, https:\/\/tjurhane.com\/wp-content\/uploads\/2023\/12\/Shunmaos-H-878x1536.png 878w, https:\/\/tjurhane.com\/wp-content\/uploads\/2023\/12\/Shunmaos-H-171x300.png 171w, https:\/\/tjurhane.com\/wp-content\/uploads\/2023\/12\/Shunmaos-H-768x1344.png 768w, https:\/\/tjurhane.com\/wp-content\/uploads\/2023\/12\/Shunmaos-H.png 1024w\" sizes=\"auto, (max-width: 585px) 100vw, 585px\" \/><\/figure>\n<\/figure>\n\n\n\n<p>Les Shunmaos, enfants de la brume et du bambou, sont une civilisation antique et \u00e9nigmatique, dont l&rsquo;origine se perd dans les l\u00e9gendes de Pandaria, un Plan d&rsquo;une beaut\u00e9 sereine. Leur apparence rappelle celle des pandas, avec une stature imposante et des traits doux, inspirant un m\u00e9lange de respect et d&rsquo;affection.<\/p>\n\n\n\n<p>Leur soci\u00e9t\u00e9 est gouvern\u00e9e par la sagesse incarn\u00e9e du Grand Sage Li, dont la lign\u00e9e remonte \u00e0 des temps imm\u00e9moriaux, o\u00f9 les \u00e9toiles dansaient au son d&rsquo;une harmonie inconnue des autres Plans. Le Grand Sage Li n&rsquo;est pas seulement un dirigeant mais aussi le guide spirituel de son peuple, d\u00e9tenteur des anciens parchemins de Dhyana qui d\u00e9taillent la voie de la paix int\u00e9rieure et de l&rsquo;harmonie avec le monde.<\/p>\n\n\n\n<p>Les moines Shunmaos sont des ma\u00eetres de l&rsquo;art du combat \u00e0 main nue, connu sous le nom de \u00ab\u00a0Zh\u00e0n P\u00e1o\u00a0\u00bb ou \u00ab\u00a0la Danse du Panda\u00a0\u00bb. Cet art martial ne sert pas uniquement \u00e0 la d\u00e9fense personnelle, mais aussi \u00e0 la m\u00e9ditation en mouvement, chaque geste refl\u00e9tant la philosophie de la balance entre force et souplesse. Leur style de combat est un spectacle fascinant, semblable \u00e0 une chor\u00e9graphie m\u00ealant force brute et gr\u00e2ce.<\/p>\n\n\n\n<p>Au-del\u00e0 des moines guerriers, la soci\u00e9t\u00e9 Shunmaos est riche et diversifi\u00e9e. Agriculteurs, artisans, et savants travaillent de concert pour le bien de la communaut\u00e9. Les champs de lotus et les for\u00eats de bambous ne sont pas seulement cultiv\u00e9s pour leur valeur alimentaire mais sont aussi partie int\u00e9grante de la culture Shunmaos, \u00e9tant des symboles de puret\u00e9 et de r\u00e9silience. Leur agriculture est un reflet de leur vie, croissant avec patience et attention, chaque graine et plante trait\u00e9e avec un respect presque religieux.<\/p>\n\n\n\n<p>La cit\u00e9 des Shunmaos, une merveille d&rsquo;architecture et d&rsquo;ing\u00e9niosit\u00e9, est b\u00e2tie de marbre sp\u00e9cial qui brille d&rsquo;un \u00e9clat dor\u00e9 sous la lumi\u00e8re de la lune d&rsquo;or. Cette p\u00e9riode, o\u00f9 le Plan de Tjurhane et Pandaria se touchent bri\u00e8vement tous les mill\u00e9naires, est connue sous le nom de \u00ab\u00a0la Conjonction d&rsquo;Or\u00a0\u00bb. Pendant ces soixante jours sacr\u00e9s, les Shunmaos peuvent interagir avec les habitants de Tjurhane, \u00e9changeant connaissances, sagesses et richesses culturelles.<\/p>\n\n\n\n<p>Cet \u00e9v\u00e9nement rare est attendu avec une grande anticipation par les Shunmaos, car il est pour eux l&rsquo;occasion de partager leur recherche de l&rsquo;\u00e9quilibre et de la paix, des valeurs profond\u00e9ment ancr\u00e9es dans leurs c\u0153urs, avec les autres habitants du multivers. C&rsquo;est une p\u00e9riode de festivit\u00e9s, mais aussi de r\u00e9flexion et d&rsquo;\u00e9changes culturels qui renforce les liens entre les deux Plans, tiss\u00e9s par le destin et la magie de l&rsquo;univers.<\/p>\n","protected":false},"excerpt":{"rendered":"<p>Origine : Plan de PandariaDivinit\u00e9 v\u00e9n\u00e9r\u00e9 : Irinwe Immortelle de la cr\u00e9ation, de la magie, de la nature et de la vie Don : Les Shunmaos, enfants de la brume et du bambou, sont une civilisation antique et \u00e9nigmatique, dont l&rsquo;origine se perd dans les l\u00e9gendes de Pandaria, un Plan d&rsquo;une beaut\u00e9 sereine. Leur apparence [&hellip;]<\/p>\n","protected":false},"author":1,"featured_media":0,"parent":0,"menu_order":0,"comment_status":"closed","ping_status":"closed","template":"","meta":{"vkexunit_cta_each_option":"","footnotes":""},"class_list":["post-407","page","type-page","status-publish","hentry"],"_links":{"self":[{"href":"https:\/\/tjurhane.com\/index.php\/wp-json\/wp\/v2\/pages\/407","targetHints":{"allow":["GET"]}}],"collection":[{"href":"https:\/\/tjurhane.com\/index.php\/wp-json\/wp\/v2\/pages"}],"about":[{"href":"https:\/\/tjurhane.com\/index.php\/wp-json\/wp\/v2\/types\/page"}],"author":[{"embeddable":true,"href":"https:\/\/tjurhane.com\/index.php\/wp-json\/wp\/v2\/users\/1"}],"replies":[{"embeddable":true,"href":"https:\/\/tjurhane.com\/index.php\/wp-json\/wp\/v2\/comments?post=407"}],"version-history":[{"count":2,"href":"https:\/\/tjurhane.com\/index.php\/wp-json\/wp\/v2\/pages\/407\/revisions"}],"predecessor-version":[{"id":634,"href":"https:\/\/tjurhane.com\/index.php\/wp-json\/wp\/v2\/pages\/407\/revisions\/634"}],"wp:attachment":[{"href":"https:\/\/tjurhane.com\/index.php\/wp-json\/wp\/v2\/media?parent=407"}],"curies":[{"name":"wp","href":"https:\/\/api.w.org\/{rel}","templated":true}]}}