{"id":414,"date":"2023-12-27T22:54:06","date_gmt":"2023-12-27T21:54:06","guid":{"rendered":"https:\/\/tjurhane.com\/?page_id=414"},"modified":"2023-12-29T12:23:58","modified_gmt":"2023-12-29T11:23:58","slug":"zaros","status":"publish","type":"page","link":"https:\/\/tjurhane.com\/index.php\/zaros\/","title":{"rendered":"Zaros"},"content":{"rendered":"\n<p>Origine\u00a0: Mers de Me\u00efva<br>Divinit\u00e9 v\u00e9n\u00e9r\u00e9\u00a0: Irinwe Immortelle de la cr\u00e9ation de la magie, de la nature et de la vie et Acamas Dieu de la paix<br><br>Don\u00a0: <\/p>\n\n\n\n<ol class=\"wp-block-list\">\n<li><strong>Nageurs Exceptionnels :<\/strong> Une aisance naturelle dans l&rsquo;eau, leur permettant de nager avec une rapidit\u00e9 et une gr\u00e2ce exceptionnelles.<\/li>\n\n\n\n<li><strong>Adaptation Physiologique Aquatique :<\/strong> Une capacit\u00e9 \u00e0 respirer sous l&rsquo;eau et \u00e0 r\u00e9sister aux pressions des profondeurs marines.<\/li>\n\n\n\n<li><strong>Diversit\u00e9 Biologique :<\/strong> Des caract\u00e9ristiques physiques vari\u00e9es, allant des t\u00eates d&rsquo;\u00e9paulard aux requins et dauphins, offrant \u00e0 chaque sous-groupe des avantages uniques.<\/li>\n\n\n\n<li><strong>Communication Sous-Marine :<\/strong> Une forme de communication adapt\u00e9e \u00e0 l&rsquo;environnement aquatique, peut-\u00eatre \u00e0 travers des sons, des gestes ou des signaux lumineux.<\/li>\n\n\n\n<li><strong>Sens Aiguis\u00e9s dans l&rsquo;Eau :<\/strong> Des sens d\u00e9velopp\u00e9s pour la navigation et la d\u00e9tection des proies ou des dangers sous l&rsquo;eau.<\/li>\n\n\n\n<li><strong>Architecture Sous-Marine :<\/strong> Une comp\u00e9tence en mati\u00e8re de construction et d&rsquo;ing\u00e9nierie sous-marine, visible dans leur capitale, Sanittal.<\/li>\n\n\n\n<li><strong>Gardiens de la Paix :<\/strong> Une capacit\u00e9 naturelle \u00e0 maintenir l&rsquo;ordre et la paix dans les profondeurs, d\u00e9montrant un sens aigu de la justice et du devoir.<\/li>\n\n\n\n<li><strong>R\u00e9sistance \u00e0 la Lycanthropie :<\/strong> Comme tous les hommes-b\u00eates, une immunit\u00e9 naturelle \u00e0 la lycanthropie, b\u00e9nie par Irinwe.<\/li>\n\n\n\n<li><strong>Survie Terrestre :<\/strong> Bien que r\u00e9duites, des capacit\u00e9s adaptatives qui leur permettent de survivre et de se d\u00e9placer sur terre.<\/li>\n\n\n\n<li><strong>Diplomatie et Coop\u00e9ration :<\/strong> Une nature pacifique et diplomate, facilitant les interactions avec d&rsquo;autres races et la gestion des affaires internes.<\/li>\n<\/ol>\n\n\n\n<figure class=\"wp-block-gallery has-nested-images columns-default is-cropped wp-block-gallery-1 is-layout-flex wp-block-gallery-is-layout-flex\">\n<figure class=\"wp-block-image size-large\"><img loading=\"lazy\" decoding=\"async\" width=\"585\" height=\"1024\" data-id=\"416\" src=\"https:\/\/tjurhane.com\/wp-content\/uploads\/2023\/12\/Zaros-F-585x1024.png\" alt=\"\" class=\"wp-image-416\" srcset=\"https:\/\/tjurhane.com\/wp-content\/uploads\/2023\/12\/Zaros-F-585x1024.png 585w, https:\/\/tjurhane.com\/wp-content\/uploads\/2023\/12\/Zaros-F-878x1536.png 878w, https:\/\/tjurhane.com\/wp-content\/uploads\/2023\/12\/Zaros-F-171x300.png 171w, https:\/\/tjurhane.com\/wp-content\/uploads\/2023\/12\/Zaros-F-768x1344.png 768w, https:\/\/tjurhane.com\/wp-content\/uploads\/2023\/12\/Zaros-F.png 1024w\" sizes=\"auto, (max-width: 585px) 100vw, 585px\" \/><\/figure>\n\n\n\n<figure class=\"wp-block-image size-large\"><img loading=\"lazy\" decoding=\"async\" width=\"585\" height=\"1024\" data-id=\"417\" src=\"https:\/\/tjurhane.com\/wp-content\/uploads\/2023\/12\/Zaros-H-585x1024.png\" alt=\"\" class=\"wp-image-417\" srcset=\"https:\/\/tjurhane.com\/wp-content\/uploads\/2023\/12\/Zaros-H-585x1024.png 585w, https:\/\/tjurhane.com\/wp-content\/uploads\/2023\/12\/Zaros-H-878x1536.png 878w, https:\/\/tjurhane.com\/wp-content\/uploads\/2023\/12\/Zaros-H-171x300.png 171w, https:\/\/tjurhane.com\/wp-content\/uploads\/2023\/12\/Zaros-H-768x1344.png 768w, https:\/\/tjurhane.com\/wp-content\/uploads\/2023\/12\/Zaros-H.png 1024w\" sizes=\"auto, (max-width: 585px) 100vw, 585px\" \/><\/figure>\n<\/figure>\n\n\n\n<p>Les Zaros, fascinants habitants des profondeurs de la mer de Me\u00efva, sont une race aquatique bip\u00e8de dont la civilisation sous-marine est empreinte de paix et d&rsquo;harmonie. Leur capitale, la cit\u00e9 sous-marine de Sanittal, est un chef-d&rsquo;\u0153uvre d&rsquo;architecture et d&rsquo;ing\u00e9nierie aquatique, refl\u00e9tant l&rsquo;\u00e9l\u00e9gance et la sophistication de cette culture pacifique.<\/p>\n\n\n\n<p>Cette race unique se distingue par une diversit\u00e9 biologique remarquable. Les Zaros se divisent en plusieurs esp\u00e8ces, chacune caract\u00e9ris\u00e9e par une t\u00eate diff\u00e9rente, \u00e9voquant diverses cr\u00e9atures marines. Certains ont des t\u00eates rappelant l&rsquo;\u00e9paulard, majestueux et puissant, tandis que d&rsquo;autres arborent des traits de diff\u00e9rents types de requins ou m\u00eame de dauphins, refl\u00e9tant la richesse et la vari\u00e9t\u00e9 de la vie marine.<\/p>\n\n\n\n<p>Leur vie dans les profondeurs de l&rsquo;oc\u00e9an leur a conf\u00e9r\u00e9 des capacit\u00e9s exceptionnelles. Les Zaros nagent avec une aisance et une gr\u00e2ce qui surpassent de loin celles des autres races. Leur adaptation \u00e0 la vie sous-marine leur donne un avantage significatif dans leur \u00e9l\u00e9ment naturel, que ce soit pour la chasse, l&rsquo;exploration ou la d\u00e9fense de leur territoire.<\/p>\n\n\n\n<p>Malgr\u00e9 leur nature pacifique, les Zaros sont des gardiens d\u00e9termin\u00e9s de l&rsquo;ordre dans les mers. Ils veillent \u00e0 maintenir l&rsquo;\u00e9quilibre et la paix dans les profondeurs, prot\u00e9geant leur domaine contre les menaces et les intrusions. Leur gouvernance sous-marine est un mod\u00e8le de coop\u00e9ration et de respect mutuel, refl\u00e9tant les valeurs profondes de leur soci\u00e9t\u00e9.<\/p>\n\n\n\n<p>Sur terre, bien que leurs capacit\u00e9s soient quelque peu r\u00e9duites en raison de leur physiologie aquatique, les Zaros demeurent comp\u00e9tents et capables. Leur pr\u00e9sence sur la terre ferme est souvent un spectacle \u00e9tonnant, r\u00e9v\u00e9lant la beaut\u00e9 et l&rsquo;adaptabilit\u00e9 de ces cr\u00e9atures marines.<\/p>\n\n\n\n<p>Dans l&rsquo;univers de Tjurhane, les Zaros symbolisent la majest\u00e9 et les myst\u00e8res des oc\u00e9ans. Leur existence souligne la connexion profonde entre la civilisation et la nature, montrant que m\u00eame dans les profondeurs les plus recul\u00e9es et les plus obscures de la mer, la vie, la culture et la sagesse peuvent prosp\u00e9rer. La cit\u00e9 de Sanittal est un testament \u00e0 leur ing\u00e9niosit\u00e9 et \u00e0 leur harmonie avec l&rsquo;environnement marin, enrichissant le monde de Tjurhane de leur pr\u00e9sence unique et de leur patrimoine culturel.<\/p>\n","protected":false},"excerpt":{"rendered":"<p>Origine\u00a0: Mers de Me\u00efvaDivinit\u00e9 v\u00e9n\u00e9r\u00e9\u00a0: Irinwe Immortelle de la cr\u00e9ation de la magie, de la nature et de la vie et Acamas Dieu de la paix Don\u00a0: Les Zaros, fascinants habitants des profondeurs de la mer de Me\u00efva, sont une race aquatique bip\u00e8de dont la civilisation sous-marine est empreinte de paix et d&rsquo;harmonie. Leur capitale, [&hellip;]<\/p>\n","protected":false},"author":1,"featured_media":0,"parent":0,"menu_order":0,"comment_status":"closed","ping_status":"closed","template":"","meta":{"vkexunit_cta_each_option":"","footnotes":""},"class_list":["post-414","page","type-page","status-publish","hentry"],"_links":{"self":[{"href":"https:\/\/tjurhane.com\/index.php\/wp-json\/wp\/v2\/pages\/414","targetHints":{"allow":["GET"]}}],"collection":[{"href":"https:\/\/tjurhane.com\/index.php\/wp-json\/wp\/v2\/pages"}],"about":[{"href":"https:\/\/tjurhane.com\/index.php\/wp-json\/wp\/v2\/types\/page"}],"author":[{"embeddable":true,"href":"https:\/\/tjurhane.com\/index.php\/wp-json\/wp\/v2\/users\/1"}],"replies":[{"embeddable":true,"href":"https:\/\/tjurhane.com\/index.php\/wp-json\/wp\/v2\/comments?post=414"}],"version-history":[{"count":3,"href":"https:\/\/tjurhane.com\/index.php\/wp-json\/wp\/v2\/pages\/414\/revisions"}],"predecessor-version":[{"id":601,"href":"https:\/\/tjurhane.com\/index.php\/wp-json\/wp\/v2\/pages\/414\/revisions\/601"}],"wp:attachment":[{"href":"https:\/\/tjurhane.com\/index.php\/wp-json\/wp\/v2\/media?parent=414"}],"curies":[{"name":"wp","href":"https:\/\/api.w.org\/{rel}","templated":true}]}}