{"id":62,"date":"2023-11-09T22:42:56","date_gmt":"2023-11-09T21:42:56","guid":{"rendered":"https:\/\/tjurhane.com\/?page_id=62"},"modified":"2023-11-14T11:13:16","modified_gmt":"2023-11-14T10:13:16","slug":"description-des-competences","status":"publish","type":"page","link":"https:\/\/tjurhane.com\/index.php\/description-des-competences\/","title":{"rendered":"Description des comp\u00e9tences"},"content":{"rendered":"\n<div class=\"wp-block-columns is-layout-flex wp-container-core-columns-is-layout-28f84493 wp-block-columns-is-layout-flex\">\n<div class=\"wp-block-column is-layout-flow wp-block-column-is-layout-flow\">\n<ul class=\"wp-block-list\">\n<li><strong>Artisanat, construire (Dext\u00e9rit\u00e9, Intelligence) :<\/strong> permet de fabriquer des objets manuellement, pour peu que l\u2019on dispose du mat\u00e9riel et des outils n\u00e9cessaires.<\/li>\n\n\n\n<li><strong>Combat \u00e0 distance (Dext\u00e9rit\u00e9, Intelligence) :<\/strong> permets d\u2019utiliser des armes \u00e0 projectiles (arcs, arbal\u00e8tes\u2026) ou de lancer (couteau, bolas\u2026). La m\u00eame comp\u00e9tence est utilis\u00e9e pour toutes les armes \u00e0 distance, mais le MJ peut imposer un malus de -10 % s\u2019il estime l\u2019arme employ\u00e9e trop exotique pour le personnage.<\/li>\n\n\n\n<li><strong>Combat rapproch\u00e9 (Force, Dext\u00e9rit\u00e9) :<\/strong> permets d\u2019utiliser les armes de corps \u00e0 corps en combat, qu\u2019elles soient \u00e0 une ou deux mains. Est \u00e9galement utilis\u00e9 pour parer si le personnage dispose d\u2019une arme ad\u00e9quate. Une seule et m\u00eame comp\u00e9tence de Combat rapproch\u00e9 est utilis\u00e9e pour toutes les armes de corps \u00e0 corps, mais le MJ peut  imposer un malus de -10 % s\u2019il estime l\u2019arme employ\u00e9e trop exotique pour le personnage.<\/li>\n\n\n\n<li><strong>Connaissance de la nature (Dext\u00e9rit\u00e9, Intelligence) :<\/strong> m\u00e9lange de chimie et de biologie, cette comp\u00e9tence permet de reconna\u00eetre les \u00e9l\u00e9ments en ext\u00e9rieur, tels que les plantes et poisons, ou d\u2019en savoir plus sur les animaux.<\/li>\n\n\n\n<li><strong>Connaissance des secrets (Intelligence, Charisme) :<\/strong> donne au personnage des indices sur des \u00e9l\u00e9ments incompr\u00e9hensibles, du ressort de la culture g\u00e9n\u00e9rale (histoire, g\u00e9ographie, h\u00e9raldique, etc.). Peut aussi \u00eatre utilis\u00e9 pour en savoir plus sur la magie et sur certaines l\u00e9gendes.<\/li>\n\n\n\n<li><strong>Courir, sauter (Dext\u00e9rit\u00e9, Endurance) :<\/strong> m\u00eame si son nom ne concerne que ses deux activit\u00e9s principales, cette comp\u00e9tence permet en r\u00e9alit\u00e9 d\u2019accomplir toutes les actions physiques, y compris la nage ou l\u2019escalade.<\/li>\n\n\n\n<li><strong>Discr\u00e9tion (Dext\u00e9rit\u00e9, Charisme) :<\/strong> utilis\u00e9e lorsque vous devez vous d\u00e9guiser ou vous faire oublier dans l\u2019endroit o\u00f9 vous vous trouvez\/rendez. En disposant du mat\u00e9riel ad\u00e9quat pour vous d\u00e9guiser, vous pouvez m\u00eame prendre l\u2019apparence de quelqu\u2019un en particulier<br>si vous r\u00e9ussissez votre jet avec un malus de -20 %. Dans le cadre d\u2019une filature ou d\u2019une poursuite, votre Discr\u00e9tion s\u2019opposera \u00e0 la Perception de votre adversaire.<\/li>\n\n\n\n<li><strong>Droit (Intelligence, Charisme) :<\/strong> vous donne acc\u00e8s aux usages administratifs et judiciaires des royaumes que vous traversez. Vous savez ainsi ce qui est ill\u00e9gal ou non et la peine encourue pour les diff\u00e9rents crimes et d\u00e9lits.<\/li>\n\n\n\n<li><strong>Esquiver (Dext\u00e9rit\u00e9, Intelligence) :<\/strong> cette comp\u00e9tence permet d\u2019\u00e9viter les diff\u00e9rents coups qui vous sont port\u00e9s, avec un malus de -20 % lorsqu\u2019il s\u2019agit d\u2019attaques \u00e0 distance. Vous ne pouvez pas attaquer le m\u00eame tour o\u00f9 vous esquivez.<\/li>\n\n\n\n<li><strong>Intimider (Force, Charisme) :<\/strong> parfois, la parole ne suffit pas et il vous faudra manier la menace, les sous-entendus et la grosse voix pour forcer votre auditoire \u00e0 \u00eatre d\u2019accord avec vous. Intimider entre en jeu \u00e0 ce moment-l\u00e0.<\/li>\n<\/ul>\n<\/div>\n\n\n\n<div class=\"wp-block-column is-layout-flow wp-block-column-is-layout-flow\">\n<ul class=\"wp-block-list\">\n<li><strong>Lire, \u00e9crire (Intelligence, Charisme) :<\/strong> sans cette comp\u00e9tence, un h\u00e9ros ne peut absolument rien lire, pas m\u00eame un panneau indicateur. Lire un livre n\u00e9cessite une demi-journ\u00e9e par partie distincte.<\/li>\n\n\n\n<li><strong>Mentir, convaincre (Intelligence, Charisme) :<\/strong> plus subtil qu\u2019Intimider, cette comp\u00e9tence vous permet de rallier votre auditoire \u00e0 votre avis. Elle est utilis\u00e9e dans toutes les n\u00e9gociations : commerciales, politiques, entourloupes, etc. Votre interlocuteur ou interlocutrice a droit un jet sous Psychologie pour ne pas se laisser faire.<\/li>\n\n\n\n<li><strong>Perception (Intelligence, Charisme) :<\/strong> repr\u00e9sente la capacit\u00e9 du  personnage \u00e0 capter et analyser rapidement les diff\u00e9rentes  informations de son environnement.<\/li>\n\n\n\n<li><strong>Piloter (Dext\u00e9rit\u00e9, Endurance) :<\/strong> qu\u2019il s\u2019agisse de monter un cheval, de conduire les \u00e9tranges machines de Kniga voire de mener un navire, cette comp\u00e9tence vous permet de diriger et\/ou man\u0153uvrer tout moyen de locomotion (animal, v\u00e9g\u00e9tal, m\u00e9canique, autre\u2026). La pr\u00e9sence de plusieurs personnes sur les grands navires est toujours n\u00e9cessaire.<\/li>\n\n\n\n<li><strong>Psychologie (Endurance, Intelligence) :<\/strong> cette comp\u00e9tence vous permet d\u2019avoir un aper\u00e7u des attentes des autres individus et de rester droit dans vos bottes quand on tente de vous manipuler. Elle est utilis\u00e9e pour r\u00e9sister \u00e0 Mentir, convaincre et Intimider.<\/li>\n\n\n\n<li><strong>R\u00e9flexes (Dext\u00e9rit\u00e9, Intelligence) :<\/strong> parfois, vous devrez \u00eatre vif pour \u00e9chapper \u00e0 un \u00e9boulement, emp\u00eacher une noble d\u2019avaler un poison ou prot\u00e9ger un enfant d\u2019un carreau d\u2019arbal\u00e8te. R\u00e9flexes intervient pr\u00e9cis\u00e9ment \u00e0 ce moment-l\u00e0. Les combats utilisent aussi cette comp\u00e9tence pour d\u00e9terminer qui agit en premier.<\/li>\n\n\n\n<li><strong>Serrures et pi\u00e8ges (Dext\u00e9rit\u00e9, Endurance) :<\/strong> vous permet de crocheter ou verrouiller tout type de serrure non magique et de fabriquer ou d\u00e9samorcer tout type de pi\u00e8ge m\u00e9canique.<\/li>\n\n\n\n<li><strong>Soigner (Intelligence, Charisme) :<\/strong> vous permet de soigner les bless\u00e9s, pour peu que vous ayez le minimum d\u2019outils n\u00e9cessaires. Un jet r\u00e9ussi gu\u00e9rit 1d6 points de vie, mais un jet rat\u00e9 en fait perdre 1d3 de plus \u00e0 la<br>cible. Cette comp\u00e9tence est \u00e9galement utilis\u00e9e pour diagnostiquer et soigner les maladies, parfois coupl\u00e9e avec Connaissance de la nature pour cr\u00e9er soi-m\u00eame le rem\u00e8de.<\/li>\n\n\n\n<li><strong>Survie (Endurance, Intelligence) :<\/strong> M\u00e9lange de sens de l\u2019orientation, de rep\u00e9rage aux \u00e9toiles et de d\u00e9brouillardise, cette comp\u00e9tence vous permet de vous accommoder des lieux que vous ne connaissez pas. Elle est notamment employ\u00e9e pour d\u00e9terminer si vous trouvez de quoi subvenir \u00e0 vos besoins en milieu sauvage.<\/li>\n\n\n\n<li><strong>Voler (Dext\u00e9rit\u00e9, Intelligence) :<\/strong> comp\u00e9tence pr\u00e9f\u00e9r\u00e9e des roublards et autre tire-laine, Voler permet au personnage de soulager un  propri\u00e9taire de ses menues possessions, qu\u2019il s\u2019agisse d\u2019une bourse pleine de pi\u00e8ces, d\u2019une bague ou autres objets. Le MJ peut imposer un malus si l\u2019objet \u00e0 d\u00e9rober est particuli\u00e8rement imposant. La victime du larcin a droit \u00e0 un jet sous Perception pour prendre le voleur sur le fait.<\/li>\n<\/ul>\n<\/div>\n<\/div>\n\n\n\n<p><\/p>\n\n\n\n<div class=\"wp-block-columns is-layout-flex wp-container-core-columns-is-layout-28f84493 wp-block-columns-is-layout-flex\">\n<div class=\"wp-block-column is-layout-flow wp-block-column-is-layout-flow\">\n<p><em><strong>La description des comp\u00e9tences est bas\u00e9e sur le syst\u00e8me de jeu de r\u00f4le Aria, con\u00e7u par l&rsquo;auteur de jeux de r\u00f4le Fibretigre. Aria offre une exp\u00e9rience immersive et strat\u00e9gique, mettant l&rsquo;accent sur la personnalisation des comp\u00e9tences pour cr\u00e9er des personnages uniques et des aventures m\u00e9morables. Pour en savoir plus sur le syst\u00e8me Aria, visitez le site officiel d&rsquo;<a href=\"https:\/\/elder-craft.com\/collections\/aria\" data-type=\"link\" data-id=\"https:\/\/elder-craft.com\/collections\/aria\">Elder-Carft<\/a> \u00e9diteur de <a href=\"https:\/\/www.fibretigre.com\/\" data-type=\"link\" data-id=\"https:\/\/www.fibretigre.com\/\">Fibretigre<\/a>.<\/strong><\/em><\/p>\n\n\n\n<ul class=\"wp-block-social-links is-layout-flex wp-block-social-links-is-layout-flex\"><li class=\"wp-social-link wp-social-link-instagram  wp-block-social-link\"><a href=\"https:\/\/www.instagram.com\/fibretigre\/\" class=\"wp-block-social-link-anchor\"><svg width=\"24\" height=\"24\" viewBox=\"0 0 24 24\" version=\"1.1\" xmlns=\"http:\/\/www.w3.org\/2000\/svg\" aria-hidden=\"true\" focusable=\"false\"><path d=\"M12,4.622c2.403,0,2.688,0.009,3.637,0.052c0.877,0.04,1.354,0.187,1.671,0.31c0.42,0.163,0.72,0.358,1.035,0.673 c0.315,0.315,0.51,0.615,0.673,1.035c0.123,0.317,0.27,0.794,0.31,1.671c0.043,0.949,0.052,1.234,0.052,3.637 s-0.009,2.688-0.052,3.637c-0.04,0.877-0.187,1.354-0.31,1.671c-0.163,0.42-0.358,0.72-0.673,1.035 c-0.315,0.315-0.615,0.51-1.035,0.673c-0.317,0.123-0.794,0.27-1.671,0.31c-0.949,0.043-1.233,0.052-3.637,0.052 s-2.688-0.009-3.637-0.052c-0.877-0.04-1.354-0.187-1.671-0.31c-0.42-0.163-0.72-0.358-1.035-0.673 c-0.315-0.315-0.51-0.615-0.673-1.035c-0.123-0.317-0.27-0.794-0.31-1.671C4.631,14.688,4.622,14.403,4.622,12 s0.009-2.688,0.052-3.637c0.04-0.877,0.187-1.354,0.31-1.671c0.163-0.42,0.358-0.72,0.673-1.035 c0.315-0.315,0.615-0.51,1.035-0.673c0.317-0.123,0.794-0.27,1.671-0.31C9.312,4.631,9.597,4.622,12,4.622 M12,3 C9.556,3,9.249,3.01,8.289,3.054C7.331,3.098,6.677,3.25,6.105,3.472C5.513,3.702,5.011,4.01,4.511,4.511 c-0.5,0.5-0.808,1.002-1.038,1.594C3.25,6.677,3.098,7.331,3.054,8.289C3.01,9.249,3,9.556,3,12c0,2.444,0.01,2.751,0.054,3.711 c0.044,0.958,0.196,1.612,0.418,2.185c0.23,0.592,0.538,1.094,1.038,1.594c0.5,0.5,1.002,0.808,1.594,1.038 c0.572,0.222,1.227,0.375,2.185,0.418C9.249,20.99,9.556,21,12,21s2.751-0.01,3.711-0.054c0.958-0.044,1.612-0.196,2.185-0.418 c0.592-0.23,1.094-0.538,1.594-1.038c0.5-0.5,0.808-1.002,1.038-1.594c0.222-0.572,0.375-1.227,0.418-2.185 C20.99,14.751,21,14.444,21,12s-0.01-2.751-0.054-3.711c-0.044-0.958-0.196-1.612-0.418-2.185c-0.23-0.592-0.538-1.094-1.038-1.594 c-0.5-0.5-1.002-0.808-1.594-1.038c-0.572-0.222-1.227-0.375-2.185-0.418C14.751,3.01,14.444,3,12,3L12,3z M12,7.378 c-2.552,0-4.622,2.069-4.622,4.622S9.448,16.622,12,16.622s4.622-2.069,4.622-4.622S14.552,7.378,12,7.378z M12,15 c-1.657,0-3-1.343-3-3s1.343-3,3-3s3,1.343,3,3S13.657,15,12,15z M16.804,6.116c-0.596,0-1.08,0.484-1.08,1.08 s0.484,1.08,1.08,1.08c0.596,0,1.08-0.484,1.08-1.08S17.401,6.116,16.804,6.116z\"><\/path><\/svg><span class=\"wp-block-social-link-label screen-reader-text\">Instagram<\/span><\/a><\/li>\n\n<li class=\"wp-social-link wp-social-link-tiktok  wp-block-social-link\"><a href=\"https:\/\/www.tiktok.com\/@fibretigre\" class=\"wp-block-social-link-anchor\"><svg width=\"24\" height=\"24\" viewBox=\"0 0 32 32\" version=\"1.1\" xmlns=\"http:\/\/www.w3.org\/2000\/svg\" aria-hidden=\"true\" focusable=\"false\"><path d=\"M16.708 0.027c1.745-0.027 3.48-0.011 5.213-0.027 0.105 2.041 0.839 4.12 2.333 5.563 1.491 1.479 3.6 2.156 5.652 2.385v5.369c-1.923-0.063-3.855-0.463-5.6-1.291-0.76-0.344-1.468-0.787-2.161-1.24-0.009 3.896 0.016 7.787-0.025 11.667-0.104 1.864-0.719 3.719-1.803 5.255-1.744 2.557-4.771 4.224-7.88 4.276-1.907 0.109-3.812-0.411-5.437-1.369-2.693-1.588-4.588-4.495-4.864-7.615-0.032-0.667-0.043-1.333-0.016-1.984 0.24-2.537 1.495-4.964 3.443-6.615 2.208-1.923 5.301-2.839 8.197-2.297 0.027 1.975-0.052 3.948-0.052 5.923-1.323-0.428-2.869-0.308-4.025 0.495-0.844 0.547-1.485 1.385-1.819 2.333-0.276 0.676-0.197 1.427-0.181 2.145 0.317 2.188 2.421 4.027 4.667 3.828 1.489-0.016 2.916-0.88 3.692-2.145 0.251-0.443 0.532-0.896 0.547-1.417 0.131-2.385 0.079-4.76 0.095-7.145 0.011-5.375-0.016-10.735 0.025-16.093z\" \/><\/svg><span class=\"wp-block-social-link-label screen-reader-text\">TikTok<\/span><\/a><\/li>\n\n<li class=\"wp-social-link wp-social-link-twitch  wp-block-social-link\"><a href=\"https:\/\/www.twitch.tv\/fibretigre\" class=\"wp-block-social-link-anchor\"><svg width=\"24\" height=\"24\" viewBox=\"0 0 24 24\" version=\"1.1\" xmlns=\"http:\/\/www.w3.org\/2000\/svg\" aria-hidden=\"true\" focusable=\"false\"><path d=\"M16.499,8.089h-1.636v4.91h1.636V8.089z M12,8.089h-1.637v4.91H12V8.089z M4.228,3.178L3,6.451v13.092h4.499V22h2.456 l2.454-2.456h3.681L21,14.636V3.178H4.228z M19.364,13.816l-2.864,2.865H12l-2.453,2.453V16.68H5.863V4.814h13.501V13.816z\"><\/path><\/svg><span class=\"wp-block-social-link-label screen-reader-text\">Twitch<\/span><\/a><\/li>\n\n<li class=\"wp-social-link wp-social-link-chain  wp-block-social-link\"><a href=\"https:\/\/fr.wikipedia.org\/wiki\/FibreTigre\" class=\"wp-block-social-link-anchor\"><svg width=\"24\" height=\"24\" viewBox=\"0 0 24 24\" version=\"1.1\" xmlns=\"http:\/\/www.w3.org\/2000\/svg\" aria-hidden=\"true\" focusable=\"false\"><path d=\"M15.6,7.2H14v1.5h1.6c2,0,3.7,1.7,3.7,3.7s-1.7,3.7-3.7,3.7H14v1.5h1.6c2.8,0,5.2-2.3,5.2-5.2,0-2.9-2.3-5.2-5.2-5.2zM4.7,12.4c0-2,1.7-3.7,3.7-3.7H10V7.2H8.4c-2.9,0-5.2,2.3-5.2,5.2,0,2.9,2.3,5.2,5.2,5.2H10v-1.5H8.4c-2,0-3.7-1.7-3.7-3.7zm4.6.9h5.3v-1.5H9.3v1.5z\"><\/path><\/svg><span class=\"wp-block-social-link-label screen-reader-text\">Lien<\/span><\/a><\/li>\n\n<li class=\"wp-social-link wp-social-link-x  wp-block-social-link\"><a href=\"https:\/\/twitter.com\/FibreTigre\" class=\"wp-block-social-link-anchor\"><svg width=\"24\" height=\"24\" viewBox=\"0 0 24 24\" version=\"1.1\" xmlns=\"http:\/\/www.w3.org\/2000\/svg\" aria-hidden=\"true\" focusable=\"false\"><path d=\"M13.982 10.622 20.54 3h-1.554l-5.693 6.618L8.745 3H3.5l6.876 10.007L3.5 21h1.554l6.012-6.989L15.868 21h5.245l-7.131-10.378Zm-2.128 2.474-.697-.997-5.543-7.93H8l4.474 6.4.697.996 5.815 8.318h-2.387l-4.745-6.787Z\" \/><\/svg><span class=\"wp-block-social-link-label screen-reader-text\">X<\/span><\/a><\/li>\n\n<li class=\"wp-social-link wp-social-link-youtube  wp-block-social-link\"><a href=\"https:\/\/www.youtube.com\/channel\/UCYmJSyHEGU0EJeXAxwo_OiQ\" class=\"wp-block-social-link-anchor\"><svg width=\"24\" height=\"24\" viewBox=\"0 0 24 24\" version=\"1.1\" xmlns=\"http:\/\/www.w3.org\/2000\/svg\" aria-hidden=\"true\" focusable=\"false\"><path d=\"M21.8,8.001c0,0-0.195-1.378-0.795-1.985c-0.76-0.797-1.613-0.801-2.004-0.847c-2.799-0.202-6.997-0.202-6.997-0.202 h-0.009c0,0-4.198,0-6.997,0.202C4.608,5.216,3.756,5.22,2.995,6.016C2.395,6.623,2.2,8.001,2.2,8.001S2,9.62,2,11.238v1.517 c0,1.618,0.2,3.237,0.2,3.237s0.195,1.378,0.795,1.985c0.761,0.797,1.76,0.771,2.205,0.855c1.6,0.153,6.8,0.201,6.8,0.201 s4.203-0.006,7.001-0.209c0.391-0.047,1.243-0.051,2.004-0.847c0.6-0.607,0.795-1.985,0.795-1.985s0.2-1.618,0.2-3.237v-1.517 C22,9.62,21.8,8.001,21.8,8.001z M9.935,14.594l-0.001-5.62l5.404,2.82L9.935,14.594z\"><\/path><\/svg><span class=\"wp-block-social-link-label screen-reader-text\">YouTube<\/span><\/a><\/li><\/ul>\n<\/div>\n<\/div>\n","protected":false},"excerpt":{"rendered":"<p>La description des comp\u00e9tences est bas\u00e9e sur le syst\u00e8me de jeu de r\u00f4le Aria, con\u00e7u par l&rsquo;auteur de jeux de r\u00f4le Fibretigre. Aria offre une exp\u00e9rience immersive et strat\u00e9gique, mettant l&rsquo;accent sur la personnalisation des comp\u00e9tences pour cr\u00e9er des personnages uniques et des aventures m\u00e9morables. Pour en savoir plus sur le syst\u00e8me Aria, visitez le [&hellip;]<\/p>\n","protected":false},"author":1,"featured_media":0,"parent":0,"menu_order":0,"comment_status":"closed","ping_status":"closed","template":"","meta":{"vkexunit_cta_each_option":"","footnotes":""},"class_list":["post-62","page","type-page","status-publish","hentry"],"_links":{"self":[{"href":"https:\/\/tjurhane.com\/index.php\/wp-json\/wp\/v2\/pages\/62","targetHints":{"allow":["GET"]}}],"collection":[{"href":"https:\/\/tjurhane.com\/index.php\/wp-json\/wp\/v2\/pages"}],"about":[{"href":"https:\/\/tjurhane.com\/index.php\/wp-json\/wp\/v2\/types\/page"}],"author":[{"embeddable":true,"href":"https:\/\/tjurhane.com\/index.php\/wp-json\/wp\/v2\/users\/1"}],"replies":[{"embeddable":true,"href":"https:\/\/tjurhane.com\/index.php\/wp-json\/wp\/v2\/comments?post=62"}],"version-history":[{"count":3,"href":"https:\/\/tjurhane.com\/index.php\/wp-json\/wp\/v2\/pages\/62\/revisions"}],"predecessor-version":[{"id":113,"href":"https:\/\/tjurhane.com\/index.php\/wp-json\/wp\/v2\/pages\/62\/revisions\/113"}],"wp:attachment":[{"href":"https:\/\/tjurhane.com\/index.php\/wp-json\/wp\/v2\/media?parent=62"}],"curies":[{"name":"wp","href":"https:\/\/api.w.org\/{rel}","templated":true}]}}