{"id":699,"date":"2025-05-19T12:52:20","date_gmt":"2025-05-19T10:52:20","guid":{"rendered":"https:\/\/tjurhane.com\/?page_id=699"},"modified":"2025-07-27T14:41:53","modified_gmt":"2025-07-27T12:41:53","slug":"tjurhane-acte-iii-les-frontieres-de-laube","status":"publish","type":"page","link":"https:\/\/tjurhane.com\/index.php\/tjurhane-acte-iii-les-frontieres-de-laube\/","title":{"rendered":"Tjurhane \u2013 Acte 4 &#8211; ??? : Les Fronti\u00e8res de l\u2019Aube"},"content":{"rendered":"\n<p>Campagne d\u2019Exploration &amp; Colonisation<\/p>\n\n\n\n<blockquote class=\"wp-block-quote is-layout-flow wp-block-quote-is-layout-flow\">\n<p><em>\u00ab Le monde a chang\u00e9. Le souffle du renouveau se l\u00e8ve sur les terres inconnues. \u00bb<\/em><\/p>\n<\/blockquote>\n\n\n\n<p>L\u2019ombre de Khanos, le N\u00e9cromentien, n\u2019est plus. Le Ma\u00eetre du N\u00e9ant, retenu hors du monde par la bravoure d\u2019une coalition forg\u00e9e au prix du sang, repose \u00e0 nouveau dans les abysses du N\u00e9ant. Mais la fin d\u2019un \u00e2ge ne signifie pas la paix \u00e9ternelle\u2026 seulement un nouveau commencement.<\/p>\n\n\n\n<p>Depuis la Guerre de l\u2019Oubli, les peuples de Me\u00efva et d\u2019Eden pansent leurs plaies. Alliances furent scell\u00e9es par l&rsquo;\u00e9p\u00e9e et la diplomatie : les Terres d\u2019Eden furent lib\u00e9r\u00e9es, la guerre des anciens royaumes apais\u00e9e par la main de h\u00e9ros oubli\u00e9s et de souverains \u00e9pris de justice. La Sorci\u00e8re des Cendres, la Reine Nuela, tente encore aujourd\u2019hui de d\u00e9nouer les haines mill\u00e9naires entre Elfes des Neiges et Nordiques, dans un monde o\u00f9 la m\u00e9moire des conflits se confond avec les mythes.<\/p>\n\n\n\n<p>Mais un autre appel se fait entendre.<\/p>\n\n\n\n<p>Au-del\u00e0 des mers, un continent \u00e9merge des brumes de l\u2019oubli. Innomm\u00e9, inviol\u00e9 depuis des \u00e8res antiques, il \u00e9chappe aux cartographes, d\u00e9fie les oracles, et murmure \u00e0 ceux qui r\u00eavent de recommencer. L\u2019effondrement de l\u2019ancien monde a laiss\u00e9 un vide\u2026 et une faim. Une faim de terres nouvelles, de richesses vierges, de puissances \u00e0 conqu\u00e9rir.<\/p>\n\n\n\n<p>Des flottes se rassemblent. Aventuriers, colons, mages, banni\u00b7es, mercenaires, \u00e9rudits, nobles ruin\u00e9s et id\u00e9alistes obstin\u00e9s : tous embarquent vers l\u2019inconnu. Chacun avec ses raisons. Chacun avec son ambition.<\/p>\n\n\n\n<p>Mais ce continent n\u2019est pas une terre vierge.<\/p>\n\n\n\n<p>Il est m\u00e9moire. Il est gardien. Il est secret.<\/p>\n\n\n\n<p>Des for\u00eats primordiales bruissent de langues oubli\u00e9es. Les cimes draconiques cachent les vestiges d\u2019empires disparus. Les marais chantent les noms d\u2019\u00eatres endormis. Les peuples indig\u00e8nes, farouches et anciens, observent les voiles blanches percer l\u2019horizon. Les ruines ne sont pas abandonn\u00e9es : elles attendent.<\/p>\n\n\n\n<p>Chaque pas dans cette terre est une d\u00e9couverte.<br>Chaque d\u00e9couverte, un choix.<br>Et chaque choix\u2026 une cons\u00e9quence.<\/p>\n\n\n\n<p><\/p>\n","protected":false},"excerpt":{"rendered":"<p>Campagne d\u2019Exploration &amp; Colonisation \u00ab Le monde a chang\u00e9. Le souffle du renouveau se l\u00e8ve sur les terres inconnues. \u00bb L\u2019ombre de Khanos, le N\u00e9cromentien, n\u2019est plus. Le Ma\u00eetre du N\u00e9ant, retenu hors du monde par la bravoure d\u2019une coalition forg\u00e9e au prix du sang, repose \u00e0 nouveau dans les abysses du N\u00e9ant. Mais la [&hellip;]<\/p>\n","protected":false},"author":1,"featured_media":0,"parent":0,"menu_order":0,"comment_status":"closed","ping_status":"closed","template":"","meta":{"sns_share_botton_hide":"","vkExUnit_sns_title":"","_vk_print_noindex":"","sitemap_hide":"","vkExUnit_sitemap":"","_veu_custom_css":"","veu_display_promotion_alert":"common","_exclude_from_list_pages":"","vkexunit_cta_each_option":"","vkExUnit_childPageIndex":"","vkExUnit_pageList_ancestor":"","footnotes":""},"class_list":["post-699","page","type-page","status-publish","hentry"],"veu_head_title_object":{"title":"","add_site_title":""},"_links":{"self":[{"href":"https:\/\/tjurhane.com\/index.php\/wp-json\/wp\/v2\/pages\/699","targetHints":{"allow":["GET"]}}],"collection":[{"href":"https:\/\/tjurhane.com\/index.php\/wp-json\/wp\/v2\/pages"}],"about":[{"href":"https:\/\/tjurhane.com\/index.php\/wp-json\/wp\/v2\/types\/page"}],"author":[{"embeddable":true,"href":"https:\/\/tjurhane.com\/index.php\/wp-json\/wp\/v2\/users\/1"}],"replies":[{"embeddable":true,"href":"https:\/\/tjurhane.com\/index.php\/wp-json\/wp\/v2\/comments?post=699"}],"version-history":[{"count":3,"href":"https:\/\/tjurhane.com\/index.php\/wp-json\/wp\/v2\/pages\/699\/revisions"}],"predecessor-version":[{"id":741,"href":"https:\/\/tjurhane.com\/index.php\/wp-json\/wp\/v2\/pages\/699\/revisions\/741"}],"wp:attachment":[{"href":"https:\/\/tjurhane.com\/index.php\/wp-json\/wp\/v2\/media?parent=699"}],"curies":[{"name":"wp","href":"https:\/\/api.w.org\/{rel}","templated":true}]}}